

{"id":98092,"date":"2025-09-28T08:25:48","date_gmt":"2025-09-28T10:25:48","guid":{"rendered":"https:\/\/aavesa.com\/product\/ferfi-bordzseki-3036\/"},"modified":"2025-09-28T08:25:48","modified_gmt":"2025-09-28T08:25:48","slug":"ferfi-bordzseki-3036","status":"publish","type":"product","link":"https:\/\/aavesa.com\/hu\/product\/ferfi-bordzseki-3036\/","title":{"rendered":"F\u00e9rfi b\u0151rdzseki 3036"},"content":{"rendered":"<p class=\"\" data-start=\"285\" data-end=\"528\">Ez a f\u00e9rfi val\u00f3di b\u0151rdzseki \u00f6tv\u00f6zi a kort\u00e1rs diz\u00e1jnt a kiv\u00e1l\u00f3 min\u0151s\u00e9g\u0171 b\u0151r id\u0151tlen vonzerej\u00e9vel. Ez a dzseki egyedi \u00e9s divatos, textur\u00e1lt fel\u00fclet\u0171, \u00e9s igazi statement darabja minden modern f\u00e9rfi ruhat\u00e1r\u00e1nak. <\/p>\n<p class=\"\" data-start=\"530\" data-end=\"742\">Az elasztikus b\u0151r gall\u00e9r \u00e9s mandzsetta extra k\u00e9nyelmet biztos\u00edt, mik\u00f6zben eleg\u00e1ns, v\u00e1rosias jelleget k\u00f6lcs\u00f6n\u00f6z. A pr\u00e9mium min\u0151s\u00e9g\u0171, jellegzetes szemcs\u00e9zet\u0171 b\u0151rb\u0151l k\u00e9sz\u00fclt kab\u00e1t st\u00edlusos szerkezet\u00e9vel \u00e9s tart\u00f3ss\u00e1g\u00e1val t\u0171nik ki. <\/p>\n<p class=\"\" data-start=\"744\" data-end=\"989\">K\u00e9t diszkr\u00e9t, cipz\u00e1ras zsebbel \u00e9s szabott szab\u00e1ssal t\u00f6k\u00e9letes alkalmi \u00e9s eleg\u00e1ns ruh\u00e1khoz egyar\u00e1nt. Az eleg\u00e1ns barna \u00e1rnyalatnak k\u00f6sz\u00f6nhet\u0151en a legk\u00fcl\u00f6nf\u00e9l\u00e9bb megjelen\u00e9sekkel p\u00e1ros\u00edthat\u00f3, \u00edgy ez a kab\u00e1t kifinomult \u00e9s sokoldal\u00fa v\u00e1laszt\u00e1s a mindennapok viselet\u00e9hez. <\/p>\n<ul data-start=\"991\" data-end=\"1210\">\n<li class=\"\" data-start=\"991\" data-end=\"1045\">\n<p class=\"\" data-start=\"993\" data-end=\"1045\">Textur\u00e1lt val\u00f3di b\u0151r, divatos kivitelben<\/p>\n<\/li>\n<li class=\"\" data-start=\"1046\" data-end=\"1092\">\n<p class=\"\" data-start=\"1048\" data-end=\"1092\">B\u0151r gall\u00e9r \u00e9s mandzsetta a tov\u00e1bbi k\u00e9nyelem\u00e9rt<\/p>\n<\/li>\n<li class=\"\" data-start=\"1093\" data-end=\"1128\">\n<p class=\"\" data-start=\"1095\" data-end=\"1128\">K\u00e9t praktikus el\u00fcls\u0151 cipz\u00e1ras zseb<\/p>\n<\/li>\n<li data-start=\"1093\" data-end=\"1128\">Hossz\u00fas\u00e1g 65 cm<\/li>\n<li class=\"\" data-start=\"1129\" data-end=\"1167\">\n<p class=\"\" data-start=\"1131\" data-end=\"1167\">Eleg\u00e1ns barna sz\u00ednben kaphat\u00f3<\/p>\n<\/li>\n<li class=\"\" data-start=\"1168\" data-end=\"1210\">\n<p class=\"\" data-start=\"1170\" data-end=\"1210\">Ide\u00e1lis a kifinomult, modern f\u00e9rfi st\u00edlushoz<\/p>\n<\/li>\n<li data-start=\"1168\" data-end=\"1210\">Modell\u00fcnk 185 cm magas \u00e9s 50-es m\u00e9retet visel.<\/li>\n<\/ul>\n","protected":false},"excerpt":{"rendered":"<p>Ez a f\u00e9rfi val\u00f3di b\u0151rdzseki \u00f6tv\u00f6zi a kort\u00e1rs diz\u00e1jnt a kiv\u00e1l\u00f3 min\u0151s\u00e9g\u0171 b\u0151r id\u0151tlen vonzerej\u00e9vel. Ez a dzseki egyedi \u00e9s divatos, textur\u00e1lt fel\u00fclet\u0171, \u00e9s igazi statement darabja minden modern f\u00e9rfi ruhat\u00e1r\u00e1nak. Az elasztikus b\u0151r gall\u00e9r \u00e9s mandzsetta extra k\u00e9nyelmet biztos\u00edt, mik\u00f6zben eleg\u00e1ns, v\u00e1rosias jelleget k\u00f6lcs\u00f6n\u00f6z. A pr\u00e9mium min\u0151s\u00e9g\u0171, jellegzetes szemcs\u00e9zet\u0171 b\u0151rb\u0151l k\u00e9sz\u00fclt kab\u00e1t st\u00edlusos szerkezet\u00e9vel [&hellip;]<\/p>\n","protected":false},"featured_media":97195,"comment_status":"closed","ping_status":"closed","template":"","meta":{"_acf_changed":false,"om_disable_all_campaigns":false,"inline_featured_image":false,"_monsterinsights_skip_tracking":false,"_monsterinsights_sitenote_active":false,"_monsterinsights_sitenote_note":"","_monsterinsights_sitenote_category":0},"product_brand":[],"product_cat":[918,823,762,725,916],"product_tag":[],"class_list":{"0":"post-98092","1":"product","2":"type-product","3":"status-publish","4":"has-post-thumbnail","6":"product_cat-2025-2026-kollekcio-autentikus-elegancia-szormeben-es-termeszetes-borben","7":"product_cat-bor-ruhak-ferfiaknak","8":"product_cat-borkabatok-ferfiaknak","9":"product_cat-ferfiak","10":"product_cat-valodi-bor-termekek-tavaszra-es-oszre-kabatok-nadragok-kabatok-szoknyak-es-loveszkabatok-kabatok-nadragok-kabatok-szoknyak-es-loveszkabatok","12":"first","13":"instock","14":"taxable","15":"shipping-taxable","16":"purchasable","17":"product-type-variable","18":"has-default-attributes","19":"wvs-archive-product-wrapper"},"acf":{"categorie_feed":""},"aioseo_notices":[],"_links":{"self":[{"href":"https:\/\/aavesa.com\/hu\/wp-json\/wp\/v2\/product\/98092","targetHints":{"allow":["GET"]}}],"collection":[{"href":"https:\/\/aavesa.com\/hu\/wp-json\/wp\/v2\/product"}],"about":[{"href":"https:\/\/aavesa.com\/hu\/wp-json\/wp\/v2\/types\/product"}],"replies":[{"embeddable":true,"href":"https:\/\/aavesa.com\/hu\/wp-json\/wp\/v2\/comments?post=98092"}],"wp:featuredmedia":[{"embeddable":true,"href":"https:\/\/aavesa.com\/hu\/wp-json\/wp\/v2\/media\/97195"}],"wp:attachment":[{"href":"https:\/\/aavesa.com\/hu\/wp-json\/wp\/v2\/media?parent=98092"}],"wp:term":[{"taxonomy":"product_brand","embeddable":true,"href":"https:\/\/aavesa.com\/hu\/wp-json\/wp\/v2\/product_brand?post=98092"},{"taxonomy":"product_cat","embeddable":true,"href":"https:\/\/aavesa.com\/hu\/wp-json\/wp\/v2\/product_cat?post=98092"},{"taxonomy":"product_tag","embeddable":true,"href":"https:\/\/aavesa.com\/hu\/wp-json\/wp\/v2\/product_tag?post=98092"}],"curies":[{"name":"wp","href":"https:\/\/api.w.org\/{rel}","templated":true}]}}