

{"id":98099,"date":"2025-04-19T09:55:40","date_gmt":"2025-04-19T09:55:40","guid":{"rendered":"https:\/\/aavesa.com\/product\/bor-es-asztrahan-szorme-kalap-544\/"},"modified":"2025-04-19T09:55:40","modified_gmt":"2025-04-19T09:55:40","slug":"bor-es-asztrahan-szorme-kalap-544","status":"publish","type":"product","link":"https:\/\/aavesa.com\/hu\/product\/bor-es-asztrahan-szorme-kalap-544\/","title":{"rendered":"B\u0151r \u00e9s asztrah\u00e1n sz\u0151rme kalap 544"},"content":{"rendered":"<p class=\"\" data-start=\"354\" data-end=\"633\">Ez a luxus <strong data-start=\"369\" data-end=\"390\">asztr\u00e1k sz\u0151rme kalap<\/strong> <strong data-start=\"396\" data-end=\"423\">term\u00e9szetes b\u0151r r\u00e9szleteivel<\/strong> a hagyom\u00e1nyos elegancia \u00e9s a modern kifinomults\u00e1g t\u00f6k\u00e9letes kever\u00e9ke. Azoknak tervezt\u00e9k, akik \u00e9rt\u00e9kelik <strong data-start=\"528\" data-end=\"547\">az autentikus st\u00edlust<\/strong> \u00e9s a <strong data-start=\"552\" data-end=\"573\">pr\u00e9mium anyagokat<\/strong>, ez a sapka kifinomults\u00e1got \u00e9s k\u00e9nyelmet k\u00f6lcs\u00f6n\u00f6z b\u00e1rmely t\u00e9li \u00f6lt\u00f6z\u00e9knek. <\/p>\n<p class=\"\" data-start=\"635\" data-end=\"877\">A gondosan kidolgozott, finom text\u00far\u00e1j\u00fa asztrak\u00e1n sz\u0151rme \u00e9s a hib\u00e1tlan szab\u00e1svonal igazi <strong data-start=\"745\" data-end=\"765\">luxuskieg\u00e9sz\u00edt\u0151v\u00e9<\/strong> teszi ezt a kalapot. Ak\u00e1r a v\u00e1rosba indulsz, ak\u00e1r egy hivatalos esem\u00e9nyen veszel r\u00e9szt, egyszerre ny\u00fajt <strong data-start=\"850\" data-end=\"876\">meleget \u00e9s megk\u00fcl\u00f6nb\u00f6ztet\u00e9st<\/strong>. <\/p>\n<ul data-start=\"879\" data-end=\"1102\">\n<li class=\"\" data-start=\"879\" data-end=\"934\">\n<p class=\"\" data-start=\"881\" data-end=\"934\">Term\u00e9szetes asztrak\u00e1ni sz\u0151rm\u00e9b\u0151l \u00e9s val\u00f3di b\u0151rb\u0151l k\u00e9sz\u00fclt.<\/p>\n<\/li>\n<li class=\"\" data-start=\"935\" data-end=\"965\">\n<p class=\"\" data-start=\"937\" data-end=\"965\">Klasszikus fekete sz\u00ednben kaphat\u00f3<\/p>\n<\/li>\n<li class=\"\" data-start=\"966\" data-end=\"1013\">\n<p class=\"\" data-start=\"968\" data-end=\"1013\">K\u00e9nyelmes, l\u00e9g\u00e1tereszt\u0151 \u00e9s sz\u00e9l\u00e1ll\u00f3<\/p>\n<\/li>\n<li class=\"\" data-start=\"1014\" data-end=\"1050\">\n<p class=\"\" data-start=\"1016\" data-end=\"1050\">Ide\u00e1lis eleg\u00e1ns t\u00e9li ruh\u00e1khoz<\/p>\n<\/li>\n<li class=\"\" data-start=\"1051\" data-end=\"1102\">\n<p class=\"\" data-start=\"1053\" data-end=\"1102\">A min\u0151s\u00e9get \u00e9s a st\u00edlust \u00e9rt\u00e9kel\u0151 f\u00e9rfiaknak tervezt\u00e9k<\/p>\n<\/li>\n<\/ul>\n","protected":false},"excerpt":{"rendered":"<p>Ez a luxus asztr\u00e1k sz\u0151rme kalap term\u00e9szetes b\u0151r r\u00e9szleteivel a hagyom\u00e1nyos elegancia \u00e9s a modern kifinomults\u00e1g t\u00f6k\u00e9letes kever\u00e9ke. Azoknak tervezt\u00e9k, akik \u00e9rt\u00e9kelik az autentikus st\u00edlust \u00e9s a pr\u00e9mium anyagokat, ez a sapka kifinomults\u00e1got \u00e9s k\u00e9nyelmet k\u00f6lcs\u00f6n\u00f6z b\u00e1rmely t\u00e9li \u00f6lt\u00f6z\u00e9knek. A gondosan kidolgozott, finom text\u00far\u00e1j\u00fa asztrak\u00e1n sz\u0151rme \u00e9s a hib\u00e1tlan szab\u00e1svonal igazi luxuskieg\u00e9sz\u00edt\u0151v\u00e9 teszi ezt a [&hellip;]<\/p>\n","protected":false},"featured_media":96693,"comment_status":"closed","ping_status":"closed","template":"","meta":{"_acf_changed":false,"om_disable_all_campaigns":false,"inline_featured_image":false,"_monsterinsights_skip_tracking":false,"_monsterinsights_sitenote_active":false,"_monsterinsights_sitenote_note":"","_monsterinsights_sitenote_category":0},"product_brand":[],"product_cat":[918,736,737],"product_tag":[],"class_list":{"0":"post-98099","1":"product","2":"type-product","3":"status-publish","4":"has-post-thumbnail","6":"product_cat-2025-2026-kollekcio-autentikus-elegancia-szormeben-es-termeszetes-borben","7":"product_cat-shearling-kalapok-bundas-kalapok-ferfiaknak","8":"product_cat-teli-sapkak","10":"first","11":"instock","12":"taxable","13":"shipping-taxable","14":"purchasable","15":"product-type-variable","16":"has-default-attributes","17":"wvs-archive-product-wrapper"},"acf":{"categorie_feed":""},"aioseo_notices":[],"_links":{"self":[{"href":"https:\/\/aavesa.com\/hu\/wp-json\/wp\/v2\/product\/98099","targetHints":{"allow":["GET"]}}],"collection":[{"href":"https:\/\/aavesa.com\/hu\/wp-json\/wp\/v2\/product"}],"about":[{"href":"https:\/\/aavesa.com\/hu\/wp-json\/wp\/v2\/types\/product"}],"replies":[{"embeddable":true,"href":"https:\/\/aavesa.com\/hu\/wp-json\/wp\/v2\/comments?post=98099"}],"wp:featuredmedia":[{"embeddable":true,"href":"https:\/\/aavesa.com\/hu\/wp-json\/wp\/v2\/media\/96693"}],"wp:attachment":[{"href":"https:\/\/aavesa.com\/hu\/wp-json\/wp\/v2\/media?parent=98099"}],"wp:term":[{"taxonomy":"product_brand","embeddable":true,"href":"https:\/\/aavesa.com\/hu\/wp-json\/wp\/v2\/product_brand?post=98099"},{"taxonomy":"product_cat","embeddable":true,"href":"https:\/\/aavesa.com\/hu\/wp-json\/wp\/v2\/product_cat?post=98099"},{"taxonomy":"product_tag","embeddable":true,"href":"https:\/\/aavesa.com\/hu\/wp-json\/wp\/v2\/product_tag?post=98099"}],"curies":[{"name":"wp","href":"https:\/\/api.w.org\/{rel}","templated":true}]}}