

{"id":98107,"date":"2023-04-13T11:02:42","date_gmt":"2023-04-13T11:02:42","guid":{"rendered":"https:\/\/aavesa.com\/product\/termeszetes-roka-mosomedve-szorme-kalap-507\/"},"modified":"2023-04-13T11:02:42","modified_gmt":"2023-04-13T11:02:42","slug":"termeszetes-roka-mosomedve-szorme-kalap-507","status":"publish","type":"product","link":"https:\/\/aavesa.com\/hu\/product\/termeszetes-roka-mosomedve-szorme-kalap-507\/","title":{"rendered":"Term\u00e9szetes r\u00f3ka \/ mos\u00f3medve sz\u0151rme kalap 507"},"content":{"rendered":"<p>T\u00e9li kieg\u00e9sz\u00edt\u0151, amely t\u00f6k\u00e9letesen \u00f6tv\u00f6zi a luxust \u00e9s a funkcionalit\u00e1st. A term\u00e9szetes r\u00f3ka- vagy mos\u00f3medvebund\u00e1b\u00f3l k\u00e9sz\u00fclt sapka ide\u00e1lis v\u00e1laszt\u00e1s a hideg napokra, mivel egyszerre ny\u00fajt meleget \u00e9s kifinomult, kifinomult megjelen\u00e9st. A pr\u00e9mium min\u0151s\u00e9g\u0171 sz\u0151rm\u00e9b\u0151l k\u00e9zzel k\u00e9sz\u00edtett statement darab l\u00e1tv\u00e1nyos volumennel, gazdag text\u00far\u00e1val \u00e9s kifog\u00e1stalan kidolgoz\u00e1ssal t\u0171nik ki. Finoman b\u00e9lelt a fokozott k\u00e9nyelem \u00e9rdek\u00e9ben, \u00e9s gy\u00f6ny\u00f6r\u0171en p\u00e1ros\u00edthat\u00f3 mind az eleg\u00e1ns ruh\u00e1khoz, mind a laza, eleg\u00e1ns egy\u00fcttesekhez. Id\u0151tlen \u00e1rnyalatokban &#8211; m\u00e9lyfekete, ez\u00fcstsz\u00edn\u0171, term\u00e9szetes f\u00e9nypontokkal \u00e9s meleg barna &#8211; kaphat\u00f3, ez a sapka egy csipetnyi tiszta eleganci\u00e1t visz a t\u00e9li ruhat\u00e1rba.    <\/p>\n","protected":false},"excerpt":{"rendered":"<p>T\u00e9li kieg\u00e9sz\u00edt\u0151, amely t\u00f6k\u00e9letesen \u00f6tv\u00f6zi a luxust \u00e9s a funkcionalit\u00e1st. A term\u00e9szetes r\u00f3ka- vagy mos\u00f3medvebund\u00e1b\u00f3l k\u00e9sz\u00fclt sapka ide\u00e1lis v\u00e1laszt\u00e1s a hideg napokra, mivel egyszerre ny\u00fajt meleget \u00e9s kifinomult, kifinomult megjelen\u00e9st. A pr\u00e9mium min\u0151s\u00e9g\u0171 sz\u0151rm\u00e9b\u0151l k\u00e9zzel k\u00e9sz\u00edtett statement darab l\u00e1tv\u00e1nyos volumennel, gazdag text\u00far\u00e1val \u00e9s kifog\u00e1stalan kidolgoz\u00e1ssal t\u0171nik ki. Finoman b\u00e9lelt a fokozott k\u00e9nyelem \u00e9rdek\u00e9ben, \u00e9s gy\u00f6ny\u00f6r\u0171en [&hellip;]<\/p>\n","protected":false},"featured_media":96656,"comment_status":"closed","ping_status":"closed","template":"","meta":{"_acf_changed":false,"om_disable_all_campaigns":false,"inline_featured_image":false,"_monsterinsights_skip_tracking":false,"_monsterinsights_sitenote_active":false,"_monsterinsights_sitenote_note":"","_monsterinsights_sitenote_category":0},"product_brand":[],"product_cat":[750,765],"product_tag":[],"class_list":{"0":"post-98107","1":"product","2":"type-product","3":"status-publish","4":"has-post-thumbnail","6":"product_cat-bundas-kalapok-shearling-kalapok-noknek","7":"product_cat-roka-szorme","9":"first","10":"instock","11":"taxable","12":"shipping-taxable","13":"purchasable","14":"product-type-variable","15":"has-default-attributes","16":"wvs-archive-product-wrapper"},"acf":{"categorie_feed":""},"aioseo_notices":[],"_links":{"self":[{"href":"https:\/\/aavesa.com\/hu\/wp-json\/wp\/v2\/product\/98107","targetHints":{"allow":["GET"]}}],"collection":[{"href":"https:\/\/aavesa.com\/hu\/wp-json\/wp\/v2\/product"}],"about":[{"href":"https:\/\/aavesa.com\/hu\/wp-json\/wp\/v2\/types\/product"}],"replies":[{"embeddable":true,"href":"https:\/\/aavesa.com\/hu\/wp-json\/wp\/v2\/comments?post=98107"}],"wp:featuredmedia":[{"embeddable":true,"href":"https:\/\/aavesa.com\/hu\/wp-json\/wp\/v2\/media\/96656"}],"wp:attachment":[{"href":"https:\/\/aavesa.com\/hu\/wp-json\/wp\/v2\/media?parent=98107"}],"wp:term":[{"taxonomy":"product_brand","embeddable":true,"href":"https:\/\/aavesa.com\/hu\/wp-json\/wp\/v2\/product_brand?post=98107"},{"taxonomy":"product_cat","embeddable":true,"href":"https:\/\/aavesa.com\/hu\/wp-json\/wp\/v2\/product_cat?post=98107"},{"taxonomy":"product_tag","embeddable":true,"href":"https:\/\/aavesa.com\/hu\/wp-json\/wp\/v2\/product_tag?post=98107"}],"curies":[{"name":"wp","href":"https:\/\/api.w.org\/{rel}","templated":true}]}}