

{"id":98113,"date":"2024-09-10T13:10:29","date_gmt":"2024-09-10T13:10:29","guid":{"rendered":"https:\/\/aavesa.com\/product\/nerc-szorme-fejpant-943\/"},"modified":"2024-09-10T13:10:29","modified_gmt":"2024-09-10T13:10:29","slug":"nerc-szorme-fejpant-943","status":"publish","type":"product","link":"https:\/\/aavesa.com\/hu\/product\/nerc-szorme-fejpant-943\/","title":{"rendered":"Nerc sz\u0151rme fejp\u00e1nt 943"},"content":{"rendered":"<p>A n\u0151i nercbunda fejp\u00e1nt egy eleg\u00e1ns \u00e9s eleg\u00e1ns kieg\u00e9sz\u00edt\u0151, amely t\u00f6k\u00e9letesen alkalmas a mindennapokra \u00e9s k\u00fcl\u00f6nleges alkalmakra egyar\u00e1nt. A term\u00e9szetes nercbund\u00e1b\u00f3l k\u00e9sz\u00fclt fejp\u00e1nt egy csipetnyi finoms\u00e1got k\u00f6lcs\u00f6n\u00f6z, \u00edgy kifinomult v\u00e1laszt\u00e1s b\u00e1rmilyen \u00f6lt\u00f6z\u00e9khez. Kr\u00e9m \u00e9s fekete sz\u00ednben kaphat\u00f3, \u00edgy k\u00f6nnyed\u00e9n kieg\u00e9sz\u00edti a k\u00fcl\u00f6nb\u00f6z\u0151 st\u00edlusokat, \u00e9s egy kis luxust \u00e9s eredetis\u00e9get k\u00f6lcs\u00f6n\u00f6z. Ak\u00e1r egy esem\u00e9nyen, ak\u00e1r a h\u00e9tk\u00f6znapokon viseli, a nercbunda fejp\u00e1nt biztosan mag\u00e1ra vonzza a figyelmet.   <\/p>\n","protected":false},"excerpt":{"rendered":"<p>A n\u0151i nercbunda fejp\u00e1nt egy eleg\u00e1ns \u00e9s eleg\u00e1ns kieg\u00e9sz\u00edt\u0151, amely t\u00f6k\u00e9letesen alkalmas a mindennapokra \u00e9s k\u00fcl\u00f6nleges alkalmakra egyar\u00e1nt. A term\u00e9szetes nercbund\u00e1b\u00f3l k\u00e9sz\u00fclt fejp\u00e1nt egy csipetnyi finoms\u00e1got k\u00f6lcs\u00f6n\u00f6z, \u00edgy kifinomult v\u00e1laszt\u00e1s b\u00e1rmilyen \u00f6lt\u00f6z\u00e9khez. Kr\u00e9m \u00e9s fekete sz\u00ednben kaphat\u00f3, \u00edgy k\u00f6nnyed\u00e9n kieg\u00e9sz\u00edti a k\u00fcl\u00f6nb\u00f6z\u0151 st\u00edlusokat, \u00e9s egy kis luxust \u00e9s eredetis\u00e9get k\u00f6lcs\u00f6n\u00f6z. Ak\u00e1r egy esem\u00e9nyen, ak\u00e1r a [&hellip;]<\/p>\n","protected":false},"featured_media":95891,"comment_status":"closed","ping_status":"closed","template":"","meta":{"_acf_changed":false,"om_disable_all_campaigns":false,"inline_featured_image":false,"_monsterinsights_skip_tracking":false,"_monsterinsights_sitenote_active":false,"_monsterinsights_sitenote_note":"","_monsterinsights_sitenote_category":0},"product_brand":[],"product_cat":[880,795,769,741],"product_tag":[],"class_list":{"0":"post-98113","1":"product","2":"type-product","3":"status-publish","4":"has-post-thumbnail","6":"product_cat-2024-2025-kollekcio","7":"product_cat-kiegeszitok","8":"product_cat-nerc-szorme","9":"product_cat-nok","11":"first","12":"instock","13":"taxable","14":"shipping-taxable","15":"purchasable","16":"product-type-variable","17":"has-default-attributes","18":"wvs-archive-product-wrapper"},"acf":{"categorie_feed":""},"aioseo_notices":[],"_links":{"self":[{"href":"https:\/\/aavesa.com\/hu\/wp-json\/wp\/v2\/product\/98113","targetHints":{"allow":["GET"]}}],"collection":[{"href":"https:\/\/aavesa.com\/hu\/wp-json\/wp\/v2\/product"}],"about":[{"href":"https:\/\/aavesa.com\/hu\/wp-json\/wp\/v2\/types\/product"}],"replies":[{"embeddable":true,"href":"https:\/\/aavesa.com\/hu\/wp-json\/wp\/v2\/comments?post=98113"}],"wp:featuredmedia":[{"embeddable":true,"href":"https:\/\/aavesa.com\/hu\/wp-json\/wp\/v2\/media\/95891"}],"wp:attachment":[{"href":"https:\/\/aavesa.com\/hu\/wp-json\/wp\/v2\/media?parent=98113"}],"wp:term":[{"taxonomy":"product_brand","embeddable":true,"href":"https:\/\/aavesa.com\/hu\/wp-json\/wp\/v2\/product_brand?post=98113"},{"taxonomy":"product_cat","embeddable":true,"href":"https:\/\/aavesa.com\/hu\/wp-json\/wp\/v2\/product_cat?post=98113"},{"taxonomy":"product_tag","embeddable":true,"href":"https:\/\/aavesa.com\/hu\/wp-json\/wp\/v2\/product_tag?post=98113"}],"curies":[{"name":"wp","href":"https:\/\/api.w.org\/{rel}","templated":true}]}}