

{"id":98116,"date":"2024-09-10T13:10:02","date_gmt":"2024-09-10T13:10:02","guid":{"rendered":"https:\/\/aavesa.com\/product\/szorme-sal-965\/"},"modified":"2024-09-10T13:10:02","modified_gmt":"2024-09-10T13:10:02","slug":"szorme-sal-965","status":"publish","type":"product","link":"https:\/\/aavesa.com\/hu\/product\/szorme-sal-965\/","title":{"rendered":"Sz\u0151rme s\u00e1l 965"},"content":{"rendered":"<p>Ez a term\u00e9szetes ny\u00fal- \u00e9s r\u00f3kabund\u00e1b\u00f3l k\u00e9sz\u00fclt s\u00e1l t\u00f6k\u00e9letes kieg\u00e9sz\u00edt\u0151, amely b\u00e1rmilyen \u00f6lt\u00f6z\u00e9khez eleganci\u00e1t k\u00f6lcs\u00f6n\u00f6z. Ez az eleg\u00e1ns \u00e9s modern s\u00e1l ide\u00e1lis gall\u00e9r n\u00e9lk\u00fcli ruh\u00e1khoz, t\u00f6k\u00e9letesen kieg\u00e9sz\u00edt minden megjelen\u00e9st, \u00e9s mindig a trendnek megfelel\u0151 marad. Kifinomult \u00e9s kifinomult kialak\u00edt\u00e1s\u00e1t az egyszer\u0171 m\u00e1gneses z\u00e1r\u00f3d\u00e1s emeli ki, amely k\u00e9nyelmet \u00e9s k\u00f6nny\u0171 haszn\u00e1latot biztos\u00edt. Ez a b\u00e9zs \u00e9s fekete sz\u00ednben kaphat\u00f3, sokoldal\u00fa s\u00e1l b\u00e1rmilyen st\u00edlushoz illik, \u00edgy a hideg \u00e9vszakban az eleg\u00e1ns \u00e9s kifinomult megjelen\u00e9s elengedhetetlen kell\u00e9ke lesz.   <\/p>\n","protected":false},"excerpt":{"rendered":"<p>Ez a term\u00e9szetes ny\u00fal- \u00e9s r\u00f3kabund\u00e1b\u00f3l k\u00e9sz\u00fclt s\u00e1l t\u00f6k\u00e9letes kieg\u00e9sz\u00edt\u0151, amely b\u00e1rmilyen \u00f6lt\u00f6z\u00e9khez eleganci\u00e1t k\u00f6lcs\u00f6n\u00f6z. Ez az eleg\u00e1ns \u00e9s modern s\u00e1l ide\u00e1lis gall\u00e9r n\u00e9lk\u00fcli ruh\u00e1khoz, t\u00f6k\u00e9letesen kieg\u00e9sz\u00edt minden megjelen\u00e9st, \u00e9s mindig a trendnek megfelel\u0151 marad. Kifinomult \u00e9s kifinomult kialak\u00edt\u00e1s\u00e1t az egyszer\u0171 m\u00e1gneses z\u00e1r\u00f3d\u00e1s emeli ki, amely k\u00e9nyelmet \u00e9s k\u00f6nny\u0171 haszn\u00e1latot biztos\u00edt. Ez a b\u00e9zs \u00e9s [&hellip;]<\/p>\n","protected":false},"featured_media":94750,"comment_status":"closed","ping_status":"closed","template":"","meta":{"_acf_changed":false,"om_disable_all_campaigns":false,"inline_featured_image":false,"_monsterinsights_skip_tracking":false,"_monsterinsights_sitenote_active":false,"_monsterinsights_sitenote_note":"","_monsterinsights_sitenote_category":0},"product_brand":[],"product_cat":[880,795,808],"product_tag":[],"class_list":{"0":"post-98116","1":"product","2":"type-product","3":"status-publish","4":"has-post-thumbnail","6":"product_cat-2024-2025-kollekcio","7":"product_cat-kiegeszitok","8":"product_cat-szorme-nyakkendo","10":"first","11":"instock","12":"taxable","13":"shipping-taxable","14":"purchasable","15":"product-type-variable","16":"has-default-attributes","17":"wvs-archive-product-wrapper"},"acf":{"categorie_feed":""},"aioseo_notices":[],"_links":{"self":[{"href":"https:\/\/aavesa.com\/hu\/wp-json\/wp\/v2\/product\/98116","targetHints":{"allow":["GET"]}}],"collection":[{"href":"https:\/\/aavesa.com\/hu\/wp-json\/wp\/v2\/product"}],"about":[{"href":"https:\/\/aavesa.com\/hu\/wp-json\/wp\/v2\/types\/product"}],"replies":[{"embeddable":true,"href":"https:\/\/aavesa.com\/hu\/wp-json\/wp\/v2\/comments?post=98116"}],"wp:featuredmedia":[{"embeddable":true,"href":"https:\/\/aavesa.com\/hu\/wp-json\/wp\/v2\/media\/94750"}],"wp:attachment":[{"href":"https:\/\/aavesa.com\/hu\/wp-json\/wp\/v2\/media?parent=98116"}],"wp:term":[{"taxonomy":"product_brand","embeddable":true,"href":"https:\/\/aavesa.com\/hu\/wp-json\/wp\/v2\/product_brand?post=98116"},{"taxonomy":"product_cat","embeddable":true,"href":"https:\/\/aavesa.com\/hu\/wp-json\/wp\/v2\/product_cat?post=98116"},{"taxonomy":"product_tag","embeddable":true,"href":"https:\/\/aavesa.com\/hu\/wp-json\/wp\/v2\/product_tag?post=98116"}],"curies":[{"name":"wp","href":"https:\/\/api.w.org\/{rel}","templated":true}]}}