

{"id":98245,"date":"2025-09-28T08:49:33","date_gmt":"2025-09-28T08:49:33","guid":{"rendered":"https:\/\/aavesa.com\/product\/rovid-borjubor-kabat-natur-mintas-1066\/"},"modified":"2026-04-08T16:16:53","modified_gmt":"2026-04-08T18:16:53","slug":"rovid-borjubor-kabat-natur-mintas-1066","status":"publish","type":"product","link":"https:\/\/aavesa.com\/hu\/product\/rovid-borjubor-kabat-natur-mintas-1066\/","title":{"rendered":"R\u00f6vid borj\u00fab\u0151r dzseki, nat\u00far mint\u00e1s 1066"},"content":{"rendered":"<p data-path-to-node=\"7\">Fejezze ki modern, nonkonformista \u00e9s rendk\u00edv\u00fcl kifinomult eszt\u00e9tik\u00e1j\u00e1t ezzel a leny\u0171g\u00f6z\u0151 <b data-path-to-node=\"7\" data-index-in-node=\"84\">, term\u00e9szetes borj\u00fab\u0151r dzsekivel<\/b>. Ezt a diz\u00e1jnt m\u00e9lyen a nyers, autentikus text\u00fara ihlette, vad, m\u00e9gis kifinomult hat\u00e1st k\u00f6lcs\u00f6n\u00f6zve b\u00e1rmilyen \u00f6lt\u00f6z\u00e9knek. A kontrasztos \u00e1rnyalatokban pomp\u00e1z\u00f3 mer\u00e9sz, term\u00e9szetes mint\u00e1zat biztos\u00edtja, hogy mindig eml\u00e9kezetes kijelent\u00e9st tegyen.  <\/p>\n<h3 data-path-to-node=\"8\">Pr\u00e9mium el\u0151ny\u00f6k \u00e9s jellemz\u0151k<\/h3>\n<p data-path-to-node=\"9\">A j\u00f3l struktur\u00e1lt szab\u00e1ssal \u00e9s gondosan kidolgozott r\u00e9szletekkel tervezett kab\u00e1t \u00e9ppoly k\u00e9nyelmes, mint amilyen felt\u0171n\u0151. \u00c9rt\u00e9kelni fogja a k\u00f6vetkez\u0151 tulajdons\u00e1gait: <\/p>\n<ul data-path-to-node=\"10\">\n<li>\n<p data-path-to-node=\"10,0,0\">Hiteles anyag: Kiv\u00e1l\u00f3 min\u0151s\u00e9g\u0171, term\u00e9szetes borj\u00fab\u0151r, k\u00fcl\u00f6nleges, f\u00e9ny\u0171z\u0151 text\u00far\u00e1val.<\/p>\n<\/li>\n<li>\n<p data-path-to-node=\"10,1,0\">Struktur\u00e1lt v\u00e1g\u00e1s: A r\u00f6vid szab\u00e1s \u00e9s a szabott sziluett finoman kiemeli az alakot.<\/p>\n<\/li>\n<li>\n<p data-path-to-node=\"10,2,0\">Gyakorlati r\u00e9szletek: Aszimmetrikus oldals\u00f3 cipz\u00e1rral \u00e9s k\u00e9t funkcion\u00e1lis cipz\u00e1ras zsebbel.<\/p>\n<\/li>\n<li>\n<p data-path-to-node=\"10,3,0\">Kifinomult diz\u00e1jn: A klasszikus hajt\u00f3k\u00e1s gall\u00e9r id\u0151tlen eleganci\u00e1t k\u00f6lcs\u00f6n\u00f6z a vad nyomtat\u00e1snak.<\/p>\n<\/li>\n<\/ul>\n<p>R\u00e9szletek:<\/p>\n<ul data-path-to-node=\"14\">\n<li>\n<p data-path-to-node=\"14,0,0\"><b data-path-to-node=\"14,0,0\" data-index-in-node=\"0\">Hossz:<\/b> 56 cm (r\u00f6vid, szabott szab\u00e1s).<\/p>\n<\/li>\n<li>\n<p data-path-to-node=\"14,1,0\"><b data-path-to-node=\"14,1,0\" data-index-in-node=\"0\">Sz\u0151rme\/b\u0151r t\u00edpus:<\/b> Term\u00e9szetes pr\u00e9mium borj\u00fab\u0151r.<\/p>\n<\/li>\n<li>\n<p data-path-to-node=\"14,2,0\"><b data-path-to-node=\"14,2,0\" data-index-in-node=\"0\">Nyomtat\u00e1s:<\/b> Term\u00e9szetes barna \u00e9s feh\u00e9r kontrasztos, autentikus marhab\u0151r mint\u00e1zat.<\/p>\n<\/li>\n<li>\n<p data-path-to-node=\"14,3,0\"><b data-path-to-node=\"14,3,0\" data-index-in-node=\"0\">Z\u00e1r\u00f3rendszer:<\/b> Cipz\u00e1r: Aszimmetrikus el\u00fcls\u0151 cipz\u00e1r.<\/p>\n<\/li>\n<li>\n<p data-path-to-node=\"14,4,0\"><b data-path-to-node=\"14,4,0\" data-index-in-node=\"0\">Modell illeszkedik:<\/b> A modell 175 cm magas \u00e9s 36-os m\u00e9retet visel.<\/p>\n<\/li>\n<li>\n<p data-path-to-node=\"14,5,0\"><b data-path-to-node=\"14,5,0\" data-index-in-node=\"0\">\u00c1pol\u00e1si utas\u00edt\u00e1sok:<\/b> Csak professzion\u00e1lis b\u0151r \u00e9s sz\u0151rme sz\u00e1raz tiszt\u00edt\u00e1s.<\/p>\n<\/li>\n<\/ul>\n<h3 data-path-to-node=\"11\">Styling tan\u00e1csok: A sokoldal\u00fa kijelent\u0151 darab: A sokoldal\u00fa kijelent\u0151 darab<\/h3>\n<p data-path-to-node=\"12\">Mivel ez a kab\u00e1t ilyen mer\u00e9sz karakterrel rendelkezik, meglep\u0151en k\u00f6nnyen integr\u00e1lhat\u00f3 a ruhat\u00e1r\u00e1ba. Egy eleg\u00e1ns, laza v\u00e1rosi megjelen\u00e9shez p\u00e1ros\u00edtsa magas derek\u00fa fekete nadr\u00e1ggal \u00e9s egy egyszer\u0171 bl\u00fazzal, ahogyan modell\u00fcnk is tette. Vagy, ha a v\u00e1rosi \u00e9let\u00e9rz\u00e9shez egy robosztusabb, v\u00e1rosias megjelen\u00e9st szeretne, h\u00fazza r\u00e1 egy testhez\u00e1ll\u00f3 k\u00f6t\u00f6tt ruh\u00e1ra \u00e9s egy bokacsizm\u00e1ra. Egyedi mint\u00e1ja lehet\u0151v\u00e9 teszi tov\u00e1bb\u00e1, hogy a kieg\u00e9sz\u00edt\u0151ket minim\u00e1lisra cs\u00f6kkentsd, \u00e9s hagyd, hogy a kab\u00e1t \u00f6nmag\u00e1\u00e9rt besz\u00e9ljen.   <\/p>\n<hr data-path-to-node=\"15\">\n<h3>GYIK<\/h3>\n<p data-path-to-node=\"17\"><b data-path-to-node=\"17\" data-index-in-node=\"0\">A kontrasztos mint\u00e1zat term\u00e9szetes vagy festett?<\/b>  Ez a kab\u00e1t gy\u00f6ny\u00f6r\u0171, kontrasztos \u00e1rnyalat\u00fa, term\u00e9szetes nyomattal rendelkezik, ami azt jelenti, hogy az egyedi sz\u00ednv\u00e1ltozatok a felhaszn\u00e1lt val\u00f3di borj\u00fab\u0151r saj\u00e1tjai, nem festettek.<\/p>\n<p data-path-to-node=\"18\"><b data-path-to-node=\"18\" data-index-in-node=\"0\">Lehet ezt a kab\u00e1tot hidegebb t\u00e9li h\u00f3napokban is viselni?<\/b>  M\u00edg a borj\u00fab\u0151r term\u00e9szetesen robusztus \u00e9s v\u00e9delmet ny\u00fajt a sz\u00e9l ellen, ez a r\u00f6vid kab\u00e1t ink\u00e1bb az \u00e1tmeneti \u00e9vszakokra (tavasz\/\u0151sz) vagy t\u00e9len a belt\u00e9ri smart-casual esem\u00e9nyekre alkalmas.<\/p>\n<p data-path-to-node=\"19\"><b data-path-to-node=\"19\" data-index-in-node=\"0\">Milyen m\u00e9retet v\u00e1lasszak, ha k\u00e9t m\u00e9ret k\u00f6z\u00f6tt vagyok?<\/b>  Ez egy szabott, struktur\u00e1lt kab\u00e1t. Ha k\u00e9t m\u00e9ret k\u00f6z\u00f6tt van, \u00e1ltal\u00e1ban a nagyobb m\u00e9ret v\u00e1laszt\u00e1s\u00e1t javasoljuk, hogy biztos\u00edtsuk a k\u00e9nyelmes mozg\u00e1st \u00e9s a lehet\u0151s\u00e9get, hogy alatta r\u00e9tegezzen.<\/p>\n<p>&nbsp;<\/p>\n","protected":false},"excerpt":{"rendered":"<p>Fejezze ki modern, nonkonformista \u00e9s rendk\u00edv\u00fcl kifinomult eszt\u00e9tik\u00e1j\u00e1t ezzel a leny\u0171g\u00f6z\u0151 , term\u00e9szetes borj\u00fab\u0151r dzsekivel. Ezt a diz\u00e1jnt m\u00e9lyen a nyers, autentikus text\u00fara ihlette, vad, m\u00e9gis kifinomult hat\u00e1st k\u00f6lcs\u00f6n\u00f6zve b\u00e1rmilyen \u00f6lt\u00f6z\u00e9knek. A kontrasztos \u00e1rnyalatokban pomp\u00e1z\u00f3 mer\u00e9sz, term\u00e9szetes mint\u00e1zat biztos\u00edtja, hogy mindig eml\u00e9kezetes kijelent\u00e9st tegyen. Pr\u00e9mium el\u0151ny\u00f6k \u00e9s jellemz\u0151k A j\u00f3l struktur\u00e1lt szab\u00e1ssal \u00e9s gondosan kidolgozott [&hellip;]<\/p>\n","protected":false},"featured_media":97670,"comment_status":"closed","ping_status":"closed","template":"","meta":{"_acf_changed":false,"om_disable_all_campaigns":false,"inline_featured_image":false,"_monsterinsights_skip_tracking":false,"_monsterinsights_sitenote_active":false,"_monsterinsights_sitenote_note":"","_monsterinsights_sitenote_category":0},"product_brand":[],"product_cat":[918,767,741],"product_tag":[],"class_list":{"0":"post-98245","1":"product","2":"type-product","3":"status-publish","4":"has-post-thumbnail","6":"product_cat-2025-2026-kollekcio-autentikus-elegancia-szormeben-es-termeszetes-borben","7":"product_cat-borkabatok-noknek","8":"product_cat-nok","10":"first","11":"instock","12":"taxable","13":"shipping-taxable","14":"purchasable","15":"product-type-variable","16":"has-default-attributes","17":"wvs-archive-product-wrapper"},"acf":{"categorie_feed":""},"aioseo_notices":[],"_links":{"self":[{"href":"https:\/\/aavesa.com\/hu\/wp-json\/wp\/v2\/product\/98245","targetHints":{"allow":["GET"]}}],"collection":[{"href":"https:\/\/aavesa.com\/hu\/wp-json\/wp\/v2\/product"}],"about":[{"href":"https:\/\/aavesa.com\/hu\/wp-json\/wp\/v2\/types\/product"}],"replies":[{"embeddable":true,"href":"https:\/\/aavesa.com\/hu\/wp-json\/wp\/v2\/comments?post=98245"}],"wp:featuredmedia":[{"embeddable":true,"href":"https:\/\/aavesa.com\/hu\/wp-json\/wp\/v2\/media\/97670"}],"wp:attachment":[{"href":"https:\/\/aavesa.com\/hu\/wp-json\/wp\/v2\/media?parent=98245"}],"wp:term":[{"taxonomy":"product_brand","embeddable":true,"href":"https:\/\/aavesa.com\/hu\/wp-json\/wp\/v2\/product_brand?post=98245"},{"taxonomy":"product_cat","embeddable":true,"href":"https:\/\/aavesa.com\/hu\/wp-json\/wp\/v2\/product_cat?post=98245"},{"taxonomy":"product_tag","embeddable":true,"href":"https:\/\/aavesa.com\/hu\/wp-json\/wp\/v2\/product_tag?post=98245"}],"curies":[{"name":"wp","href":"https:\/\/api.w.org\/{rel}","templated":true}]}}