

{"id":98250,"date":"2025-09-28T08:38:50","date_gmt":"2025-09-28T08:38:50","guid":{"rendered":"https:\/\/aavesa.com\/product\/csincsilla-szorme-kabat-2104-m\/"},"modified":"2026-03-24T21:23:21","modified_gmt":"2026-03-24T19:23:21","slug":"csincsilla-szorme-kabat-2104-m","status":"publish","type":"product","link":"https:\/\/aavesa.com\/hu\/product\/csincsilla-szorme-kabat-2104-m\/","title":{"rendered":"Csincsilla sz\u0151rme kab\u00e1t 2104 M"},"content":{"rendered":"<p data-start=\"44\" data-end=\"352\">Eleg\u00e1ns, f\u00e9ny\u0171z\u0151 \u00e9s rendk\u00edv\u00fcl kifinomult, ez a term\u00e9szetes csincsillabunda a t\u00e9li divat exkluzivit\u00e1s\u00e1nak cs\u00facs\u00e1t k\u00e9pviseli. A hihetetlen\u00fcl puha text\u00far\u00e1val \u00e9s leny\u0171g\u00f6z\u0151 term\u00e9szetes csillog\u00e1ssal rendelkez\u0151 csincsillabunda kifinomult \u00e9s id\u0151tlen megjelen\u00e9st biztos\u00edt, ide\u00e1lis az abszol\u00fat min\u0151s\u00e9get \u00e9rt\u00e9kel\u0151 n\u0151k sz\u00e1m\u00e1ra. <\/p>\n<p data-start=\"354\" data-end=\"558\">A terjedelmes gall\u00e9rral ell\u00e1tott kialak\u00edt\u00e1s fens\u00e9ges hat\u00e1st kelt, m\u00edg a diszkr\u00e9t klipszes z\u00e1r\u00f3szerkezet eleg\u00e1ns vonalat tart fenn. A k\u00e9t oldalzseb extra funkcionalit\u00e1st biztos\u00edt an\u00e9lk\u00fcl, hogy az eszt\u00e9tik\u00e1t vesz\u00e9lyeztetn\u00e9. <\/p>\n<p data-start=\"560\" data-end=\"693\">Ez a kab\u00e1t t\u00f6bb mint egy ruhadarab &#8211; ez egy gy\u0171jt\u0151i darab, egy befektet\u00e9s a szem\u00e9lyes st\u00edlusba, amely soha nem megy ki a divatb\u00f3l.<\/p>\n<p>A term\u00e9k r\u00e9szletei:<\/p>\n<ul>\n<li data-start=\"695\" data-end=\"993\">Pr\u00e9mium term\u00e9szetes csincsilla sz\u0151rme<\/li>\n<li data-start=\"695\" data-end=\"993\">Ultra-puha text\u00fara \u00e9s term\u00e9szetes f\u00e9ny<\/li>\n<li data-start=\"695\" data-end=\"993\">Sz\u00e9les \u00e9s terjedelmes gall\u00e9r<\/li>\n<li data-start=\"695\" data-end=\"993\">K\u00e9t oldals\u00f3 zseb<\/li>\n<li data-start=\"695\" data-end=\"993\">Diszkr\u00e9t klipszes r\u00f6gz\u00edt\u00e9s<\/li>\n<li data-start=\"695\" data-end=\"993\">R\u00f6vid modell, ide\u00e1lis eleg\u00e1ns ruh\u00e1khoz<\/li>\n<li data-start=\"695\" data-end=\"993\">Exkluz\u00edv luxus darab<\/li>\n<li data-start=\"695\" data-end=\"993\">Hossz: 59 cm<\/li>\n<li data-start=\"695\" data-end=\"993\">Modell\u00fcnk 175 cm magas \u00e9s 36-os m\u00e9retet visel.<\/li>\n<\/ul>\n","protected":false},"excerpt":{"rendered":"<p>Eleg\u00e1ns, f\u00e9ny\u0171z\u0151 \u00e9s rendk\u00edv\u00fcl kifinomult, ez a term\u00e9szetes csincsillabunda a t\u00e9li divat exkluzivit\u00e1s\u00e1nak cs\u00facs\u00e1t k\u00e9pviseli. A hihetetlen\u00fcl puha text\u00far\u00e1val \u00e9s leny\u0171g\u00f6z\u0151 term\u00e9szetes csillog\u00e1ssal rendelkez\u0151 csincsillabunda kifinomult \u00e9s id\u0151tlen megjelen\u00e9st biztos\u00edt, ide\u00e1lis az abszol\u00fat min\u0151s\u00e9get \u00e9rt\u00e9kel\u0151 n\u0151k sz\u00e1m\u00e1ra. A terjedelmes gall\u00e9rral ell\u00e1tott kialak\u00edt\u00e1s fens\u00e9ges hat\u00e1st kelt, m\u00edg a diszkr\u00e9t klipszes z\u00e1r\u00f3szerkezet eleg\u00e1ns vonalat tart fenn. A [&hellip;]<\/p>\n","protected":false},"featured_media":97661,"comment_status":"closed","ping_status":"closed","template":"","meta":{"_acf_changed":false,"om_disable_all_campaigns":false,"inline_featured_image":false,"_monsterinsights_skip_tracking":false,"_monsterinsights_sitenote_active":false,"_monsterinsights_sitenote_note":"","_monsterinsights_sitenote_category":0},"product_brand":[],"product_cat":[918,766,741],"product_tag":[],"class_list":{"0":"post-98250","1":"product","2":"type-product","3":"status-publish","4":"has-post-thumbnail","6":"product_cat-2025-2026-kollekcio-autentikus-elegancia-szormeben-es-termeszetes-borben","7":"product_cat-bundas-kabatok-es-bundas-dzsekik-noknek","8":"product_cat-nok","10":"first","11":"instock","12":"taxable","13":"shipping-taxable","14":"purchasable","15":"product-type-variable","16":"has-default-attributes","17":"wvs-archive-product-wrapper"},"acf":{"categorie_feed":""},"aioseo_notices":[],"_links":{"self":[{"href":"https:\/\/aavesa.com\/hu\/wp-json\/wp\/v2\/product\/98250","targetHints":{"allow":["GET"]}}],"collection":[{"href":"https:\/\/aavesa.com\/hu\/wp-json\/wp\/v2\/product"}],"about":[{"href":"https:\/\/aavesa.com\/hu\/wp-json\/wp\/v2\/types\/product"}],"replies":[{"embeddable":true,"href":"https:\/\/aavesa.com\/hu\/wp-json\/wp\/v2\/comments?post=98250"}],"wp:featuredmedia":[{"embeddable":true,"href":"https:\/\/aavesa.com\/hu\/wp-json\/wp\/v2\/media\/97661"}],"wp:attachment":[{"href":"https:\/\/aavesa.com\/hu\/wp-json\/wp\/v2\/media?parent=98250"}],"wp:term":[{"taxonomy":"product_brand","embeddable":true,"href":"https:\/\/aavesa.com\/hu\/wp-json\/wp\/v2\/product_brand?post=98250"},{"taxonomy":"product_cat","embeddable":true,"href":"https:\/\/aavesa.com\/hu\/wp-json\/wp\/v2\/product_cat?post=98250"},{"taxonomy":"product_tag","embeddable":true,"href":"https:\/\/aavesa.com\/hu\/wp-json\/wp\/v2\/product_tag?post=98250"}],"curies":[{"name":"wp","href":"https:\/\/api.w.org\/{rel}","templated":true}]}}