

{"id":98303,"date":"2026-03-25T15:22:53","date_gmt":"2026-03-25T17:22:53","guid":{"rendered":"https:\/\/aavesa.com\/product\/merino-nyirbor-miniszoknya-663\/"},"modified":"2026-03-25T15:22:53","modified_gmt":"2026-03-25T17:22:53","slug":"merino-nyirbor-miniszoknya-663","status":"publish","type":"product","link":"https:\/\/aavesa.com\/hu\/product\/merino-nyirbor-miniszoknya-663\/","title":{"rendered":"Merin\u00f3 ny\u00edrb\u0151r miniszoknya 663"},"content":{"rendered":"<p data-start=\"0\" data-end=\"359\">Ez a merin\u00f3 ny\u00edrb\u0151r miniszoknya egy eleg\u00e1ns darab, amely a hideg \u00e9vszak ruhat\u00e1r\u00e1ba illik. A term\u00e9szetes b\u00e1r\u00e1nyb\u0151rb\u0151l k\u00e9sz\u00fclt, finom \u00e9s kellemes tapint\u00e1s\u00fa szoknya kifinomult \u00e9s j\u00f3l meghat\u00e1rozott megjelen\u00e9st biztos\u00edt. A shearling fel\u00fclete finoman csillog, a gondosan kidolgozott panelek pedig kiegyens\u00falyozott \u00e9s kifinomult diz\u00e1jnt eredm\u00e9nyeznek.  <\/p>\n<p data-start=\"361\" data-end=\"750\">A n\u0151ies szab\u00e1s k\u00f6veti a test vonal\u00e1t an\u00e9lk\u00fcl, hogy korl\u00e1toz\u00f3 lenne, a mini hossz\u00fas\u00e1g pedig modern \u00e9s sokoldal\u00fav\u00e1 teszi a darabot. A der\u00e9kr\u00e9sz term\u00e9szetes b\u0151rszalaggal van lez\u00e1rva, amely strukt\u00far\u00e1t biztos\u00edt \u00e9s harmonikusan kieg\u00e9sz\u00edti a shearling text\u00far\u00e1t. A term\u00e9szetes shearlingszoknya nappali \u00f6lt\u00f6z\u00e9kben \u00e9s eleg\u00e1nsabb kombin\u00e1ci\u00f3kban egyar\u00e1nt viselhet\u0151, mivel k\u00f6nnyen integr\u00e1lhat\u00f3 a k\u00fcl\u00f6nb\u00f6z\u0151 st\u00edlusokba.  <\/p>\n<p data-start=\"752\" data-end=\"1045\">Nagyon j\u00f3l p\u00e1ros\u00edthat\u00f3 gyapj\u00fapul\u00f3verekkel, ingekkel, bl\u00e9zerekkel vagy b\u0151rdzsekikkel, valamint magas csizm\u00e1kkal vagy eleg\u00e1ns bokacsizm\u00e1kkal. K\u00e9t klasszikus v\u00e1ltozatban &#8211; fekete \u00e9s sz\u00fcrke &#8211; kaphat\u00f3, ez a term\u00e9szetes merin\u00f3 juh\u00e1szszoknya sokoldal\u00fa darab, amely ide\u00e1lis az okos-casual \u00f6lt\u00f6z\u00e9kekhez vagy az esti megjelen\u00e9sekhez. <\/p>\n<p><strong data-start=\"1047\" data-end=\"1067\">A term\u00e9k r\u00e9szletei:<\/strong><\/p>\n<ul>\n<li data-start=\"1047\" data-end=\"1411\">Hossz: 45 cm &#8211; eleg\u00e1ns miniszoknya<\/li>\n<li data-start=\"1047\" data-end=\"1411\">V\u00e1g\u00e1s: A vonal\u00fa szab\u00e1s, n\u0151ies \u00e9s enyh\u00e9n b\u0151v\u00fcl\u0151 szab\u00e1s\u00fa.<\/li>\n<li data-start=\"1047\" data-end=\"1411\">Z\u00e1r\u00f3d\u00e1s: eleg\u00e1ns h\u00e1ts\u00f3 cipz\u00e1ras z\u00e1r\u00f3d\u00e1s horog- \u00e9s szemrendszerrel<\/li>\n<li data-start=\"1047\" data-end=\"1411\">Sz\u0151rzet t\u00edpusa: term\u00e9szetes merin\u00f3 juh\u00e1szbunda<\/li>\n<li data-start=\"1047\" data-end=\"1411\">Text\u00fara: puha \u00e9s kellemes tapint\u00e1s\u00fa<\/li>\n<li data-start=\"1047\" data-end=\"1411\">Sz\u00ednek: fekete \u00e9s sz\u00fcrke sz\u00ednben kaphat\u00f3<\/li>\n<li data-start=\"1047\" data-end=\"1411\">St\u00edlus: term\u00e9szetes ny\u00edrb\u0151r miniszoknya, amely alkalmas smart-casual vagy esti \u00f6lt\u00f6z\u00e9khez.<\/li>\n<\/ul>\n","protected":false},"excerpt":{"rendered":"<p>Ez a merin\u00f3 ny\u00edrb\u0151r miniszoknya egy eleg\u00e1ns darab, amely a hideg \u00e9vszak ruhat\u00e1r\u00e1ba illik. A term\u00e9szetes b\u00e1r\u00e1nyb\u0151rb\u0151l k\u00e9sz\u00fclt, finom \u00e9s kellemes tapint\u00e1s\u00fa szoknya kifinomult \u00e9s j\u00f3l meghat\u00e1rozott megjelen\u00e9st biztos\u00edt. A shearling fel\u00fclete finoman csillog, a gondosan kidolgozott panelek pedig kiegyens\u00falyozott \u00e9s kifinomult diz\u00e1jnt eredm\u00e9nyeznek. A n\u0151ies szab\u00e1s k\u00f6veti a test vonal\u00e1t an\u00e9lk\u00fcl, hogy korl\u00e1toz\u00f3 lenne, [&hellip;]<\/p>\n","protected":false},"featured_media":98300,"comment_status":"closed","ping_status":"closed","template":"","meta":{"_acf_changed":false,"om_disable_all_campaigns":false,"inline_featured_image":false,"_monsterinsights_skip_tracking":false,"_monsterinsights_sitenote_active":false,"_monsterinsights_sitenote_note":"","_monsterinsights_sitenote_category":0},"product_brand":[],"product_cat":[918,881],"product_tag":[],"class_list":{"0":"post-98303","1":"product","2":"type-product","3":"status-publish","4":"has-post-thumbnail","6":"product_cat-2025-2026-kollekcio-autentikus-elegancia-szormeben-es-termeszetes-borben","7":"product_cat-bor-szoknyak-noknek","9":"first","10":"instock","11":"taxable","12":"shipping-taxable","13":"purchasable","14":"product-type-variable","15":"has-default-attributes","16":"wvs-archive-product-wrapper"},"acf":{"categorie_feed":""},"aioseo_notices":[],"_links":{"self":[{"href":"https:\/\/aavesa.com\/hu\/wp-json\/wp\/v2\/product\/98303","targetHints":{"allow":["GET"]}}],"collection":[{"href":"https:\/\/aavesa.com\/hu\/wp-json\/wp\/v2\/product"}],"about":[{"href":"https:\/\/aavesa.com\/hu\/wp-json\/wp\/v2\/types\/product"}],"replies":[{"embeddable":true,"href":"https:\/\/aavesa.com\/hu\/wp-json\/wp\/v2\/comments?post=98303"}],"wp:featuredmedia":[{"embeddable":true,"href":"https:\/\/aavesa.com\/hu\/wp-json\/wp\/v2\/media\/98300"}],"wp:attachment":[{"href":"https:\/\/aavesa.com\/hu\/wp-json\/wp\/v2\/media?parent=98303"}],"wp:term":[{"taxonomy":"product_brand","embeddable":true,"href":"https:\/\/aavesa.com\/hu\/wp-json\/wp\/v2\/product_brand?post=98303"},{"taxonomy":"product_cat","embeddable":true,"href":"https:\/\/aavesa.com\/hu\/wp-json\/wp\/v2\/product_cat?post=98303"},{"taxonomy":"product_tag","embeddable":true,"href":"https:\/\/aavesa.com\/hu\/wp-json\/wp\/v2\/product_tag?post=98303"}],"curies":[{"name":"wp","href":"https:\/\/api.w.org\/{rel}","templated":true}]}}