

{"id":98320,"date":"2026-03-26T18:11:46","date_gmt":"2026-03-26T20:11:46","guid":{"rendered":"https:\/\/aavesa.com\/product\/termeszetes-borjuszor-szorme-midi-szoknya-664\/"},"modified":"2026-03-26T18:11:46","modified_gmt":"2026-03-26T20:11:46","slug":"termeszetes-borjuszor-szorme-midi-szoknya-664","status":"publish","type":"product","link":"https:\/\/aavesa.com\/hu\/product\/termeszetes-borjuszor-szorme-midi-szoknya-664\/","title":{"rendered":"Term\u00e9szetes borj\u00fasz\u0151r sz\u0151rme midi szoknya 664"},"content":{"rendered":"<p data-start=\"0\" data-end=\"237\">Ez a borj\u00fasz\u0151r sz\u0151rm\u00e9s midi szoknya egy eleg\u00e1ns darab, amely alkalmas a hideg \u00e9vszak ruhat\u00e1r\u00e1ba. A term\u00e9szetes borj\u00fasz\u0151rb\u0151l k\u00e9sz\u00fclt, kiss\u00e9 kem\u00e9nyebb text\u00far\u00e1j\u00fa \u00e9s finoman f\u00e9nyes, term\u00e9szetes megjelen\u00e9s\u0171 szoknya kifinomult \u00e9s hat\u00e1rozott megjelen\u00e9st biztos\u00edt. <\/p>\n<p data-start=\"239\" data-end=\"628\">A n\u0151ies szab\u00e1s k\u00f6veti a test vonal\u00e1t an\u00e9lk\u00fcl, hogy korl\u00e1toz\u00f3 lenne, m\u00edg a midi hossz eleganci\u00e1t \u00e9s sokoldal\u00fas\u00e1got k\u00f6lcs\u00f6n\u00f6z. A letisztult kialak\u00edt\u00e1s kiemeli a v\u00e1dli term\u00e9szetes text\u00far\u00e1j\u00e1t, \u00e9s hossz\u00fak\u00e1s sziluettet eredm\u00e9nyez, amely nappali ruh\u00e1khoz \u00e9s kifinomultabb megjelen\u00e9sekhez egyar\u00e1nt alkalmas. A szoknya k\u00f6nnyed\u00e9n integr\u00e1lhat\u00f3 a k\u00fcl\u00f6nb\u00f6z\u0151 st\u00edlusokba, az okos-casual-t\u00f3l a kifinomultabb megjelen\u00e9sig.  <\/p>\n<p data-start=\"630\" data-end=\"883\">Nagyon j\u00f3l p\u00e1ros\u00edthat\u00f3 gyapj\u00fapul\u00f3verekkel, ingekkel, bl\u00e9zerekkel vagy b\u0151rdzsekikkel, valamint magas csizm\u00e1kkal vagy eleg\u00e1ns bokacsizm\u00e1kkal. Fekete sz\u00ednben ez a term\u00e9szetes borj\u00fasz\u0151rb\u0151l k\u00e9sz\u00fclt szoknya sokoldal\u00fa, k\u00f6nnyen kombin\u00e1lhat\u00f3 darab, amely smart-casual vagy esti \u00f6lt\u00f6z\u00e9khez egyar\u00e1nt illik. <\/p>\n<p><strong data-start=\"885\" data-end=\"905\">A term\u00e9k r\u00e9szletei:<\/strong><\/p>\n<ul>\n<li data-start=\"885\" data-end=\"1194\">Hossza: midi, 77 cm &#8211; eleg\u00e1ns \u00e9s sokoldal\u00faan haszn\u00e1lhat\u00f3.<\/li>\n<li data-start=\"885\" data-end=\"1194\">Szab\u00e1s: egyenes szab\u00e1s, n\u0151ies \u00e9s modern<\/li>\n<li data-start=\"885\" data-end=\"1194\">Bez\u00e1r\u00e1s: eleg\u00e1ns h\u00e1ts\u00f3 cipz\u00e1ras z\u00e1r\u00e1s<\/li>\n<li data-start=\"885\" data-end=\"1194\">Sz\u0151rzet t\u00edpusa: term\u00e9szetes borj\u00fasz\u0151r<\/li>\n<li data-start=\"885\" data-end=\"1194\">Text\u00fara: term\u00e9szetes text\u00fara, kiss\u00e9 feszesebb, finom csillog\u00e1ssal.<\/li>\n<li data-start=\"885\" data-end=\"1194\">Sz\u00edn: fekete<\/li>\n<li data-start=\"885\" data-end=\"1194\">St\u00edlus: alkalmas smart-casual vagy esti \u00f6lt\u00f6z\u00e9khez<\/li>\n<\/ul>\n","protected":false},"excerpt":{"rendered":"<p>Ez a borj\u00fasz\u0151r sz\u0151rm\u00e9s midi szoknya egy eleg\u00e1ns darab, amely alkalmas a hideg \u00e9vszak ruhat\u00e1r\u00e1ba. A term\u00e9szetes borj\u00fasz\u0151rb\u0151l k\u00e9sz\u00fclt, kiss\u00e9 kem\u00e9nyebb text\u00far\u00e1j\u00fa \u00e9s finoman f\u00e9nyes, term\u00e9szetes megjelen\u00e9s\u0171 szoknya kifinomult \u00e9s hat\u00e1rozott megjelen\u00e9st biztos\u00edt. A n\u0151ies szab\u00e1s k\u00f6veti a test vonal\u00e1t an\u00e9lk\u00fcl, hogy korl\u00e1toz\u00f3 lenne, m\u00edg a midi hossz eleganci\u00e1t \u00e9s sokoldal\u00fas\u00e1got k\u00f6lcs\u00f6n\u00f6z. A letisztult kialak\u00edt\u00e1s [&hellip;]<\/p>\n","protected":false},"featured_media":98319,"comment_status":"closed","ping_status":"closed","template":"","meta":{"_acf_changed":false,"om_disable_all_campaigns":false,"inline_featured_image":false,"_monsterinsights_skip_tracking":false,"_monsterinsights_sitenote_active":false,"_monsterinsights_sitenote_note":"","_monsterinsights_sitenote_category":0},"product_brand":[],"product_cat":[918,881],"product_tag":[],"class_list":{"0":"post-98320","1":"product","2":"type-product","3":"status-publish","4":"has-post-thumbnail","6":"product_cat-2025-2026-kollekcio-autentikus-elegancia-szormeben-es-termeszetes-borben","7":"product_cat-bor-szoknyak-noknek","9":"first","10":"instock","11":"taxable","12":"shipping-taxable","13":"purchasable","14":"product-type-variable","15":"has-default-attributes","16":"wvs-archive-product-wrapper"},"acf":{"categorie_feed":""},"aioseo_notices":[],"_links":{"self":[{"href":"https:\/\/aavesa.com\/hu\/wp-json\/wp\/v2\/product\/98320","targetHints":{"allow":["GET"]}}],"collection":[{"href":"https:\/\/aavesa.com\/hu\/wp-json\/wp\/v2\/product"}],"about":[{"href":"https:\/\/aavesa.com\/hu\/wp-json\/wp\/v2\/types\/product"}],"replies":[{"embeddable":true,"href":"https:\/\/aavesa.com\/hu\/wp-json\/wp\/v2\/comments?post=98320"}],"wp:featuredmedia":[{"embeddable":true,"href":"https:\/\/aavesa.com\/hu\/wp-json\/wp\/v2\/media\/98319"}],"wp:attachment":[{"href":"https:\/\/aavesa.com\/hu\/wp-json\/wp\/v2\/media?parent=98320"}],"wp:term":[{"taxonomy":"product_brand","embeddable":true,"href":"https:\/\/aavesa.com\/hu\/wp-json\/wp\/v2\/product_brand?post=98320"},{"taxonomy":"product_cat","embeddable":true,"href":"https:\/\/aavesa.com\/hu\/wp-json\/wp\/v2\/product_cat?post=98320"},{"taxonomy":"product_tag","embeddable":true,"href":"https:\/\/aavesa.com\/hu\/wp-json\/wp\/v2\/product_tag?post=98320"}],"curies":[{"name":"wp","href":"https:\/\/api.w.org\/{rel}","templated":true}]}}