

{"id":98383,"date":"2026-04-04T07:30:40","date_gmt":"2026-04-04T09:30:40","guid":{"rendered":"https:\/\/aavesa.com\/product\/hosszu-nadrag-krokodomboritasu-baranyborbol-668\/"},"modified":"2026-04-04T07:30:40","modified_gmt":"2026-04-04T09:30:40","slug":"hosszu-nadrag-krokodomboritasu-baranyborbol-668","status":"publish","type":"product","link":"https:\/\/aavesa.com\/hu\/product\/hosszu-nadrag-krokodomboritasu-baranyborbol-668\/","title":{"rendered":"Hossz\u00fa nadr\u00e1g krok\u00f3dombor\u00edt\u00e1s\u00fa b\u00e1r\u00e1nyb\u0151rb\u0151l 668"},"content":{"rendered":"<p data-start=\"0\" data-end=\"438\">Ez a hossz\u00fa nadr\u00e1g krok\u00f3dombor\u00edt\u00e1s\u00fa b\u00e1r\u00e1nyb\u0151rb\u0151l k\u00e9sz\u00fclt, eleg\u00e1ns \u00e9s modern darab, amely kifinomult ruh\u00e1khoz vagy kifinomult v\u00e1rosi megjelen\u00e9shez illik. A term\u00e9szetes b\u00e1r\u00e1nyb\u0151rb\u0151l k\u00e9sz\u00fclt, kroko-dombornyomott text\u00far\u00e1j\u00fa nadr\u00e1g megk\u00fcl\u00f6nb\u00f6ztet\u0151 megjelen\u00e9s\u00e9vel \u00e9s j\u00f3l meghat\u00e1rozott anyagszerkezet\u00e9vel t\u0171nik ki. A krokmint\u00e1zat m\u00e9lys\u00e9get \u00e9s szem\u00e9lyis\u00e9get k\u00f6lcs\u00f6n\u00f6z a diz\u00e1jnnak, m\u00edg a finom f\u00e9nyes kivitel eleg\u00e1nsan kiemeli a b\u0151r text\u00far\u00e1j\u00e1t.  <\/p>\n<p data-start=\"440\" data-end=\"801\">Az egyenes szab\u00e1s kiegyens\u00falyozott \u00e9s hossz\u00fak\u00e1s sziluettet eredm\u00e9nyez, mik\u00f6zben k\u00e9nyelmet \u00e9s mozg\u00e1sszabads\u00e1got biztos\u00edt. A der\u00e9kp\u00e1nt \u00f6vhurokkal rendelkezik, a minimalista kialak\u00edt\u00e1s pedig kiemeli a b\u0151r text\u00far\u00e1j\u00e1t \u00e9s a nadr\u00e1g letisztult vonalait. Ez a term\u00e9szetes b\u0151rb\u0151l k\u00e9sz\u00fclt nadr\u00e1g k\u00f6nnyen beilleszthet\u0151 mind az eleg\u00e1ns nappali \u00f6lt\u00f6z\u00e9kekbe, mind a kifinomultabb kombin\u00e1ci\u00f3kba.  <\/p>\n<p data-start=\"803\" data-end=\"924\">Fekete sz\u00ednben ez a krokodil dombornyomott b\u00e1r\u00e1nyb\u0151r nadr\u00e1g sokoldal\u00fa darab, k\u00f6nnyen kombin\u00e1lhat\u00f3 \u00e9s k\u00fcl\u00f6nb\u00f6z\u0151 st\u00edlusokhoz illeszkedik.<\/p>\n<p><strong data-start=\"926\" data-end=\"946\">A term\u00e9k r\u00e9szletei:<\/strong><\/p>\n<ul>\n<li data-start=\"926\" data-end=\"1204\">Hossz\u00fas\u00e1g:<\/li>\n<li data-start=\"926\" data-end=\"1204\">V\u00e1g\u00e1s: egyenes v\u00e1g\u00e1s<\/li>\n<li data-start=\"926\" data-end=\"1204\">Z\u00e1r\u00e1s: eleg\u00e1ns cipz\u00e1ras z\u00e1r\u00e1s<\/li>\n<li data-start=\"926\" data-end=\"1204\">K\u00fcls\u0151 anyag: term\u00e9szetes b\u00e1r\u00e1nyb\u0151r<\/li>\n<li data-start=\"926\" data-end=\"1204\">B\u00e9l\u00e9s: viszk\u00f3z<\/li>\n<li data-start=\"926\" data-end=\"1204\">Text\u00fara: kroko-dombornyomott text\u00fara<\/li>\n<li data-start=\"926\" data-end=\"1204\">Sz\u00edn: fekete<\/li>\n<li data-start=\"926\" data-end=\"1204\">R\u00e9szlet: \u00f6vhurok<\/li>\n<li data-start=\"926\" data-end=\"1204\">St\u00edlus: alkalmas smart-casual \u00f6lt\u00f6z\u00e9khez vagy modern esti megjelen\u00e9shez<\/li>\n<\/ul>\n","protected":false},"excerpt":{"rendered":"<p>Ez a hossz\u00fa nadr\u00e1g krok\u00f3dombor\u00edt\u00e1s\u00fa b\u00e1r\u00e1nyb\u0151rb\u0151l k\u00e9sz\u00fclt, eleg\u00e1ns \u00e9s modern darab, amely kifinomult ruh\u00e1khoz vagy kifinomult v\u00e1rosi megjelen\u00e9shez illik. A term\u00e9szetes b\u00e1r\u00e1nyb\u0151rb\u0151l k\u00e9sz\u00fclt, kroko-dombornyomott text\u00far\u00e1j\u00fa nadr\u00e1g megk\u00fcl\u00f6nb\u00f6ztet\u0151 megjelen\u00e9s\u00e9vel \u00e9s j\u00f3l meghat\u00e1rozott anyagszerkezet\u00e9vel t\u0171nik ki. A krokmint\u00e1zat m\u00e9lys\u00e9get \u00e9s szem\u00e9lyis\u00e9get k\u00f6lcs\u00f6n\u00f6z a diz\u00e1jnnak, m\u00edg a finom f\u00e9nyes kivitel eleg\u00e1nsan kiemeli a b\u0151r text\u00far\u00e1j\u00e1t. Az egyenes szab\u00e1s [&hellip;]<\/p>\n","protected":false},"featured_media":98382,"comment_status":"closed","ping_status":"closed","template":"","meta":{"_acf_changed":false,"om_disable_all_campaigns":false,"inline_featured_image":false,"_monsterinsights_skip_tracking":false,"_monsterinsights_sitenote_active":false,"_monsterinsights_sitenote_note":"","_monsterinsights_sitenote_category":0},"product_brand":[],"product_cat":[918,882],"product_tag":[],"class_list":{"0":"post-98383","1":"product","2":"type-product","3":"status-publish","4":"has-post-thumbnail","6":"product_cat-2025-2026-kollekcio-autentikus-elegancia-szormeben-es-termeszetes-borben","7":"product_cat-bor-nadragok-noknek","9":"first","10":"instock","11":"taxable","12":"shipping-taxable","13":"purchasable","14":"product-type-variable","15":"has-default-attributes","16":"wvs-archive-product-wrapper"},"acf":{"categorie_feed":""},"aioseo_notices":[],"_links":{"self":[{"href":"https:\/\/aavesa.com\/hu\/wp-json\/wp\/v2\/product\/98383","targetHints":{"allow":["GET"]}}],"collection":[{"href":"https:\/\/aavesa.com\/hu\/wp-json\/wp\/v2\/product"}],"about":[{"href":"https:\/\/aavesa.com\/hu\/wp-json\/wp\/v2\/types\/product"}],"replies":[{"embeddable":true,"href":"https:\/\/aavesa.com\/hu\/wp-json\/wp\/v2\/comments?post=98383"}],"wp:featuredmedia":[{"embeddable":true,"href":"https:\/\/aavesa.com\/hu\/wp-json\/wp\/v2\/media\/98382"}],"wp:attachment":[{"href":"https:\/\/aavesa.com\/hu\/wp-json\/wp\/v2\/media?parent=98383"}],"wp:term":[{"taxonomy":"product_brand","embeddable":true,"href":"https:\/\/aavesa.com\/hu\/wp-json\/wp\/v2\/product_brand?post=98383"},{"taxonomy":"product_cat","embeddable":true,"href":"https:\/\/aavesa.com\/hu\/wp-json\/wp\/v2\/product_cat?post=98383"},{"taxonomy":"product_tag","embeddable":true,"href":"https:\/\/aavesa.com\/hu\/wp-json\/wp\/v2\/product_tag?post=98383"}],"curies":[{"name":"wp","href":"https:\/\/api.w.org\/{rel}","templated":true}]}}