

{"id":98392,"date":"2026-04-04T08:18:00","date_gmt":"2026-04-04T10:18:00","guid":{"rendered":"https:\/\/aavesa.com\/product\/natural-print-borjubor-trench-coat-1071-barna-elol\/"},"modified":"2026-04-04T08:24:58","modified_gmt":"2026-04-04T10:24:58","slug":"natural-print-borjubor-trench-coat-1071-barna-elol","status":"publish","type":"product","link":"https:\/\/aavesa.com\/hu\/product\/natural-print-borjubor-trench-coat-1071-barna-elol\/","title":{"rendered":"Term\u00e9szetes mint\u00e1s borj\u00fab\u0151r kab\u00e1t 1071"},"content":{"rendered":"<p data-start=\"46\" data-end=\"481\">A term\u00e9szetes mint\u00e1s borj\u00fab\u0151r trenchcoat egy olyan statement darab, amely a klasszikus eleganci\u00e1t modern \u00e9s mer\u00e9sz diz\u00e1jnnal \u00f6tv\u00f6zi. A term\u00e9szetes borj\u00fab\u0151rb\u0151l k\u00e9sz\u00fclt, egyedi mint\u00e1val ell\u00e1tott kab\u00e1t az anyag autentikus megjelen\u00e9s\u00e9vel t\u0171nik ki, minden egyes darab egyedi mint\u00e1val rendelkezik a barna \u00e9s a feh\u00e9r \u00e1rnyalataiban. A b\u0151r term\u00e9szetes text\u00far\u00e1ja m\u00e9lys\u00e9get \u00e9s karaktert k\u00f6lcs\u00f6n\u00f6z a kab\u00e1tnak, \u00edgy ez a trencsni k\u00fcl\u00f6nleges ruhadarabb\u00e1 v\u00e1lik.  <\/p>\n<p data-start=\"483\" data-end=\"766\">A trench-st\u00edlus\u00fa szab\u00e1s eleg\u00e1ns \u00e9s j\u00f3l struktur\u00e1lt sziluettet eredm\u00e9nyez, m\u00edg a der\u00e9ksz\u00edj lehet\u0151v\u00e9 teszi a test vonal\u00e1nak kiemel\u00e9s\u00e9t. A sz\u00e9les hajt\u00f3k\u00e1s gall\u00e9r \u00e9s a k\u00e9tsoros gombos z\u00e1r\u00f3d\u00e1s kieg\u00e9sz\u00edti a klasszikus kialak\u00edt\u00e1st, ugyanakkor kifinomult \u00e9s modern jelleget k\u00f6lcs\u00f6n\u00f6z. <\/p>\n<p data-start=\"768\" data-end=\"1014\">Sokoldal\u00fa \u00e9s kifejez\u0151, ez a term\u00e9szetes b\u0151rb\u0151l k\u00e9sz\u00fclt kab\u00e1t modern v\u00e1rosi \u00f6lt\u00f6z\u00e9kekhez \u00e9s eleg\u00e1ns kombin\u00e1ci\u00f3khoz egyar\u00e1nt viselhet\u0151. Hossza foly\u00e9konys\u00e1got \u00e9s kifinomults\u00e1got k\u00f6lcs\u00f6n\u00f6z neki, \u00edgy ide\u00e1lis darab az eredeti \u00e9s kifinomult megjelen\u00e9sre v\u00e1gy\u00f3 n\u0151k sz\u00e1m\u00e1ra. <\/p>\n<p><strong data-start=\"1016\" data-end=\"1036\">A term\u00e9k r\u00e9szletei:<\/strong><\/p>\n<ul>\n<li data-start=\"1016\" data-end=\"1476\">Hossz: 123 cm<\/li>\n<li data-start=\"1016\" data-end=\"1476\">Szab\u00e1s: trench-st\u00edlus\u00fa szab\u00e1s, enyh\u00e9n szabott<\/li>\n<li data-start=\"1016\" data-end=\"1476\">Z\u00e1r\u00e1s: dupla mellkas\u00fa el\u00fcls\u0151 z\u00e1r\u00e1s gombokkal \u00e9s \u00f6vvel<\/li>\n<li data-start=\"1016\" data-end=\"1476\">K\u00fcls\u0151 anyag: term\u00e9szetes mint\u00e1s borj\u00fab\u0151r<\/li>\n<li data-start=\"1016\" data-end=\"1476\">B\u00e9l\u00e9s: b\u00e9l\u00e9s n\u00e9lk\u00fcli<\/li>\n<li data-start=\"1016\" data-end=\"1476\">Gall\u00e9r: sz\u00e9les gall\u00e9r, trench st\u00edlusban<\/li>\n<li data-start=\"1016\" data-end=\"1476\">Sz\u00edn: barna \u00e9s feh\u00e9r &#8211; term\u00e9szetes nyomtat\u00e1s<\/li>\n<li data-start=\"1016\" data-end=\"1476\">St\u00edlus: kifinomult v\u00e1rosi ruh\u00e1khoz vagy eleg\u00e1ns megjelen\u00e9sekhez alkalmas<\/li>\n<li data-start=\"1016\" data-end=\"1476\">Design: minden darab egyedi; a b\u0151rminta n\u00e9mileg elt\u00e9rhet az egyes term\u00e9kek k\u00f6z\u00f6tt.<\/li>\n<\/ul>\n","protected":false},"excerpt":{"rendered":"<p>A term\u00e9szetes mint\u00e1s borj\u00fab\u0151r trenchcoat egy olyan statement darab, amely a klasszikus eleganci\u00e1t modern \u00e9s mer\u00e9sz diz\u00e1jnnal \u00f6tv\u00f6zi. A term\u00e9szetes borj\u00fab\u0151rb\u0151l k\u00e9sz\u00fclt, egyedi mint\u00e1val ell\u00e1tott kab\u00e1t az anyag autentikus megjelen\u00e9s\u00e9vel t\u0171nik ki, minden egyes darab egyedi mint\u00e1val rendelkezik a barna \u00e9s a feh\u00e9r \u00e1rnyalataiban. A b\u0151r term\u00e9szetes text\u00far\u00e1ja m\u00e9lys\u00e9get \u00e9s karaktert k\u00f6lcs\u00f6n\u00f6z a kab\u00e1tnak, \u00edgy [&hellip;]<\/p>\n","protected":false},"featured_media":98391,"comment_status":"closed","ping_status":"closed","template":"","meta":{"_acf_changed":false,"om_disable_all_campaigns":false,"inline_featured_image":false,"_monsterinsights_skip_tracking":false,"_monsterinsights_sitenote_active":false,"_monsterinsights_sitenote_note":"","_monsterinsights_sitenote_category":0},"product_brand":[],"product_cat":[918,883],"product_tag":[],"class_list":{"0":"post-98392","1":"product","2":"type-product","3":"status-publish","4":"has-post-thumbnail","6":"product_cat-2025-2026-kollekcio-autentikus-elegancia-szormeben-es-termeszetes-borben","7":"product_cat-borkabatok-es-borkabatok","9":"first","10":"instock","11":"taxable","12":"shipping-taxable","13":"purchasable","14":"product-type-variable","15":"has-default-attributes","16":"wvs-archive-product-wrapper"},"acf":{"categorie_feed":""},"aioseo_notices":[],"_links":{"self":[{"href":"https:\/\/aavesa.com\/hu\/wp-json\/wp\/v2\/product\/98392","targetHints":{"allow":["GET"]}}],"collection":[{"href":"https:\/\/aavesa.com\/hu\/wp-json\/wp\/v2\/product"}],"about":[{"href":"https:\/\/aavesa.com\/hu\/wp-json\/wp\/v2\/types\/product"}],"replies":[{"embeddable":true,"href":"https:\/\/aavesa.com\/hu\/wp-json\/wp\/v2\/comments?post=98392"}],"wp:featuredmedia":[{"embeddable":true,"href":"https:\/\/aavesa.com\/hu\/wp-json\/wp\/v2\/media\/98391"}],"wp:attachment":[{"href":"https:\/\/aavesa.com\/hu\/wp-json\/wp\/v2\/media?parent=98392"}],"wp:term":[{"taxonomy":"product_brand","embeddable":true,"href":"https:\/\/aavesa.com\/hu\/wp-json\/wp\/v2\/product_brand?post=98392"},{"taxonomy":"product_cat","embeddable":true,"href":"https:\/\/aavesa.com\/hu\/wp-json\/wp\/v2\/product_cat?post=98392"},{"taxonomy":"product_tag","embeddable":true,"href":"https:\/\/aavesa.com\/hu\/wp-json\/wp\/v2\/product_tag?post=98392"}],"curies":[{"name":"wp","href":"https:\/\/api.w.org\/{rel}","templated":true}]}}