

{"id":98397,"date":"2026-04-04T08:40:37","date_gmt":"2026-04-04T10:40:37","guid":{"rendered":"https:\/\/aavesa.com\/product\/hosszu-gyapju-kabat-leveheto-sarki-roka-szorme-salgallerral-2120\/"},"modified":"2026-04-13T09:16:28","modified_gmt":"2026-04-13T11:16:28","slug":"hosszu-gyapju-kabat-leveheto-sarki-roka-szorme-salgallerral-2120","status":"publish","type":"product","link":"https:\/\/aavesa.com\/hu\/product\/hosszu-gyapju-kabat-leveheto-sarki-roka-szorme-salgallerral-2120\/","title":{"rendered":"Hossz\u00fa gyapj\u00fa kab\u00e1t levehet\u0151 sarki r\u00f3ka sz\u0151rme s\u00e1lgall\u00e9rral 2120"},"content":{"rendered":"<p data-start=\"66\" data-end=\"392\">Ez a hossz\u00fa gyapj\u00fakab\u00e1t egy eleg\u00e1ns \u00e9s kifinomult darab, amelyet a hideg \u00e9vszakra terveztek, \u00e9s amely a term\u00e9szetes anyagok k\u00e9nyelm\u00e9t a sz\u0151rme finom luxus\u00e1val \u00f6tv\u00f6zi. A klasszikus diz\u00e1jnt term\u00e9szetes ez\u00fcst sarki r\u00f3ka sz\u0151rm\u00e9b\u0151l k\u00e9sz\u00fclt sz\u00e9les s\u00e1lgall\u00e9r eg\u00e9sz\u00edti ki, amely t\u00e9rfogatot, meleget \u00e9s egy extra eleganci\u00e1t k\u00f6lcs\u00f6n\u00f6z az eg\u00e9sz \u00f6lt\u00f6z\u00e9knek. <\/p>\n<p data-start=\"394\" data-end=\"708\">A hossz\u00fa, laza szab\u00e1s modern \u00e9s n\u0151ies sziluettet eredm\u00e9nyez, m\u00edg az enyh\u00e9n ejtett v\u00e1llak modern \u00e9s k\u00f6nnyed megjelen\u00e9st biztos\u00edtanak, an\u00e9lk\u00fcl, hogy a darab eleganci\u00e1j\u00e1t vesz\u00e9lyeztetn\u00e9k. A der\u00e9ksz\u00edj kiemeli a test vonal\u00e1t, \u00e9s lehet\u0151v\u00e9 teszi az \u00e1ll\u00edthat\u00f3 form\u00e1z\u00e1st, biztos\u00edtva a k\u00e9nyelmet \u00e9s a mozg\u00e1s szabads\u00e1g\u00e1t. <\/p>\n<p data-start=\"710\" data-end=\"1031\">A modell k\u00fcl\u00f6nlegess\u00e9ge a term\u00e9szetes sarki r\u00f3ka sz\u0151rm\u00e9b\u0151l k\u00e9sz\u00fclt levehet\u0151 s\u00e1lgall\u00e9r, amely k\u00e9tf\u00e9le m\u00f3don is viselhet\u0151. A sz\u0151rme gall\u00e9rral a darab kifinomult \u00e9s eleg\u00e1ns megjelen\u00e9st kap, m\u00edg n\u00e9lk\u00fcle minimalista megold\u00e1ss\u00e1 v\u00e1lik, amely t\u00f6k\u00e9letes a nappali \u00f6lt\u00f6z\u00e9khez. <\/p>\n<p data-start=\"1033\" data-end=\"1165\">A gyapj\u00fa anyag melegs\u00e9get \u00e9s h\u0151komfortot biztos\u00edt, m\u00edg az id\u0151tlen diz\u00e1jn miatt ez a kab\u00e1t szezonr\u00f3l szezonra k\u00f6nnyen viselhet\u0151.<\/p>\n<p><strong data-start=\"1167\" data-end=\"1187\">A term\u00e9k r\u00e9szletei:<\/strong><\/p>\n<ul>\n<li data-start=\"1167\" data-end=\"1537\">Hossz: 115 cm<\/li>\n<li data-start=\"1167\" data-end=\"1537\">Szab\u00e1s: laza, eleg\u00e1ns szab\u00e1s<\/li>\n<li data-start=\"1167\" data-end=\"1537\">Z\u00e1r\u00e1s: el\u00f6l gombos z\u00e1r\u00e1s \u00f6vvel<\/li>\n<li data-start=\"1167\" data-end=\"1537\">K\u00fcls\u0151 anyag: gyapj\u00fa: 100% gyapj\u00fa<\/li>\n<li data-start=\"1167\" data-end=\"1537\">Gall\u00e9r: term\u00e9szetes ez\u00fcst sarki r\u00f3ka sz\u0151rm\u00e9b\u0151l k\u00e9sz\u00fclt s\u00e1lgall\u00e9r.<\/li>\n<li data-start=\"1167\" data-end=\"1537\">R\u00e9szlet: levehet\u0151 sz\u0151rme gall\u00e9r<\/li>\n<li data-start=\"1167\" data-end=\"1537\">R\u00f3kapr\u00e9m: pr\u00e9mium min\u0151s\u00e9g\u0171, Finnorsz\u00e1gb\u00f3l a Saga Furs aukci\u00f3s h\u00e1zon kereszt\u00fcl beszerzett.<\/li>\n<li data-start=\"1167\" data-end=\"1537\">St\u00edlus: eleg\u00e1ns ruh\u00e1khoz vagy kifinomult v\u00e1rosi megjelen\u00e9shez alkalmas<\/li>\n<\/ul>\n","protected":false},"excerpt":{"rendered":"<p>Ez a hossz\u00fa gyapj\u00fakab\u00e1t egy eleg\u00e1ns \u00e9s kifinomult darab, amelyet a hideg \u00e9vszakra terveztek, \u00e9s amely a term\u00e9szetes anyagok k\u00e9nyelm\u00e9t a sz\u0151rme finom luxus\u00e1val \u00f6tv\u00f6zi. A klasszikus diz\u00e1jnt term\u00e9szetes ez\u00fcst sarki r\u00f3ka sz\u0151rm\u00e9b\u0151l k\u00e9sz\u00fclt sz\u00e9les s\u00e1lgall\u00e9r eg\u00e9sz\u00edti ki, amely t\u00e9rfogatot, meleget \u00e9s egy extra eleganci\u00e1t k\u00f6lcs\u00f6n\u00f6z az eg\u00e9sz \u00f6lt\u00f6z\u00e9knek. A hossz\u00fa, laza szab\u00e1s modern \u00e9s [&hellip;]<\/p>\n","protected":false},"featured_media":98404,"comment_status":"closed","ping_status":"closed","template":"","meta":{"_acf_changed":false,"om_disable_all_campaigns":false,"inline_featured_image":false,"_monsterinsights_skip_tracking":false,"_monsterinsights_sitenote_active":false,"_monsterinsights_sitenote_note":"","_monsterinsights_sitenote_category":0},"product_brand":[],"product_cat":[918,778,779],"product_tag":[],"class_list":{"0":"post-98397","1":"product","2":"type-product","3":"status-publish","4":"has-post-thumbnail","6":"product_cat-2025-2026-kollekcio-autentikus-elegancia-szormeben-es-termeszetes-borben","7":"product_cat-baranybor-kabatok-hu","8":"product_cat-noi-shearling-kabatok","10":"first","11":"instock","12":"taxable","13":"shipping-taxable","14":"purchasable","15":"product-type-variable","16":"has-default-attributes","17":"wvs-archive-product-wrapper"},"acf":{"categorie_feed":""},"aioseo_notices":[],"_links":{"self":[{"href":"https:\/\/aavesa.com\/hu\/wp-json\/wp\/v2\/product\/98397","targetHints":{"allow":["GET"]}}],"collection":[{"href":"https:\/\/aavesa.com\/hu\/wp-json\/wp\/v2\/product"}],"about":[{"href":"https:\/\/aavesa.com\/hu\/wp-json\/wp\/v2\/types\/product"}],"replies":[{"embeddable":true,"href":"https:\/\/aavesa.com\/hu\/wp-json\/wp\/v2\/comments?post=98397"}],"wp:featuredmedia":[{"embeddable":true,"href":"https:\/\/aavesa.com\/hu\/wp-json\/wp\/v2\/media\/98404"}],"wp:attachment":[{"href":"https:\/\/aavesa.com\/hu\/wp-json\/wp\/v2\/media?parent=98397"}],"wp:term":[{"taxonomy":"product_brand","embeddable":true,"href":"https:\/\/aavesa.com\/hu\/wp-json\/wp\/v2\/product_brand?post=98397"},{"taxonomy":"product_cat","embeddable":true,"href":"https:\/\/aavesa.com\/hu\/wp-json\/wp\/v2\/product_cat?post=98397"},{"taxonomy":"product_tag","embeddable":true,"href":"https:\/\/aavesa.com\/hu\/wp-json\/wp\/v2\/product_tag?post=98397"}],"curies":[{"name":"wp","href":"https:\/\/api.w.org\/{rel}","templated":true}]}}