

{"id":98432,"date":"2026-04-04T15:09:36","date_gmt":"2026-04-04T17:09:36","guid":{"rendered":"https:\/\/aavesa.com\/product\/termeszetes-borkabat-magas-gallerral-1068\/"},"modified":"2026-04-04T15:10:45","modified_gmt":"2026-04-04T17:10:45","slug":"termeszetes-borkabat-magas-gallerral-1068","status":"publish","type":"product","link":"https:\/\/aavesa.com\/hu\/product\/termeszetes-borkabat-magas-gallerral-1068\/","title":{"rendered":"Term\u00e9szetes b\u0151rkab\u00e1t magas gall\u00e9rral 1068"},"content":{"rendered":"<p data-start=\"52\" data-end=\"321\">Ez a term\u00e9szetes b\u0151rdzseki egy modern \u00e9s sokoldal\u00fa darab, amelyet olyan n\u0151knek terveztek, akik \u00e9rt\u00e9kelik a minimalista diz\u00e1jnt \u00e9s a j\u00f3l meghat\u00e1rozott r\u00e9szleteket. Az enyh\u00e9n szemcs\u00e9s text\u00far\u00e1j\u00fa term\u00e9szetes b\u0151rb\u0151l k\u00e9sz\u00fclt kab\u00e1t eleg\u00e1ns megjelen\u00e9st \u00e9s kiv\u00e1l\u00f3 tart\u00f3ss\u00e1got biztos\u00edt az id\u0151 m\u00fal\u00e1s\u00e1val. <\/p>\n<p data-start=\"323\" data-end=\"588\">A r\u00f6vid, enyh\u00e9n laza szab\u00e1st a finoman ejtett v\u00e1llak eg\u00e9sz\u00edtik ki, ami kort\u00e1rs megjelen\u00e9st eredm\u00e9nyez, \u00e9s k\u00e9nyelmes viseletet biztos\u00edt. A magas gall\u00e9r egyszerre ad st\u00edlust \u00e9s funkcionalit\u00e1st, v\u00e9delmet ny\u00fajt a sz\u00e9l ellen, mik\u00f6zben fokozza a darab letisztult kialak\u00edt\u00e1s\u00e1t. <\/p>\n<p data-start=\"590\" data-end=\"833\">Az el\u00fcls\u0151 cipz\u00e1r rejtett az egys\u00e9ges \u00e9s kifinomult megjelen\u00e9s \u00e9rdek\u00e9ben, m\u00edg a k\u00e9t oldals\u00f3 zseb diszkr\u00e9ten integr\u00e1lt, fenntartva a kab\u00e1t minimalista vonal\u00e1t. A d\u00edsz\u00edt\u0151varratok kiemelik a form\u00e1t \u00e9s strukt\u00far\u00e1t k\u00f6lcs\u00f6n\u00f6znek a diz\u00e1jnnak. <\/p>\n<p data-start=\"835\" data-end=\"1006\">Sokoldal\u00fa st\u00edlus\u00e1nak k\u00f6sz\u00f6nhet\u0151en a kab\u00e1t modern alkalmi ruh\u00e1khoz \u00e9s eleg\u00e1nsabb kombin\u00e1ci\u00f3khoz egyar\u00e1nt viselhet\u0151, \u00edgy k\u00f6nnyen beilleszthet\u0151 a mindennapi ruhat\u00e1rba.<\/p>\n<p><strong data-start=\"1008\" data-end=\"1028\">A term\u00e9k r\u00e9szletei:<\/strong><\/p>\n<ul>\n<li data-start=\"1008\" data-end=\"1307\">Hossz: 57 cm<\/li>\n<li data-start=\"1008\" data-end=\"1307\">Szab\u00e1s: laza szab\u00e1s, enyh\u00e9n ejtett v\u00e1llakkal<\/li>\n<li data-start=\"1008\" data-end=\"1307\">Z\u00e1r\u00e1s: cipz\u00e1r \u00e9s gombok<\/li>\n<li data-start=\"1008\" data-end=\"1307\">K\u00fcls\u0151 anyag: enyh\u00e9n szemcs\u00e9s term\u00e9szetes b\u0151r<\/li>\n<li data-start=\"1008\" data-end=\"1307\">B\u00e9l\u00e9s: 100% viszk\u00f3z<\/li>\n<li data-start=\"1008\" data-end=\"1307\">Gall\u00e9r: magas gall\u00e9r<\/li>\n<li data-start=\"1008\" data-end=\"1307\">Zsebek: k\u00e9t oldalzseb<\/li>\n<li data-start=\"1008\" data-end=\"1307\">St\u00edlus: alkalmi vagy modern v\u00e1rosi \u00f6lt\u00f6z\u00e9khez alkalmas<\/li>\n<\/ul>\n","protected":false},"excerpt":{"rendered":"<p>Ez a term\u00e9szetes b\u0151rdzseki egy modern \u00e9s sokoldal\u00fa darab, amelyet olyan n\u0151knek terveztek, akik \u00e9rt\u00e9kelik a minimalista diz\u00e1jnt \u00e9s a j\u00f3l meghat\u00e1rozott r\u00e9szleteket. Az enyh\u00e9n szemcs\u00e9s text\u00far\u00e1j\u00fa term\u00e9szetes b\u0151rb\u0151l k\u00e9sz\u00fclt kab\u00e1t eleg\u00e1ns megjelen\u00e9st \u00e9s kiv\u00e1l\u00f3 tart\u00f3ss\u00e1got biztos\u00edt az id\u0151 m\u00fal\u00e1s\u00e1val. A r\u00f6vid, enyh\u00e9n laza szab\u00e1st a finoman ejtett v\u00e1llak eg\u00e9sz\u00edtik ki, ami kort\u00e1rs megjelen\u00e9st eredm\u00e9nyez, [&hellip;]<\/p>\n","protected":false},"featured_media":98419,"comment_status":"closed","ping_status":"closed","template":"","meta":{"_acf_changed":false,"om_disable_all_campaigns":false,"inline_featured_image":false,"_monsterinsights_skip_tracking":false,"_monsterinsights_sitenote_active":false,"_monsterinsights_sitenote_note":"","_monsterinsights_sitenote_category":0},"product_brand":[],"product_cat":[918,767],"product_tag":[],"class_list":{"0":"post-98432","1":"product","2":"type-product","3":"status-publish","4":"has-post-thumbnail","6":"product_cat-2025-2026-kollekcio-autentikus-elegancia-szormeben-es-termeszetes-borben","7":"product_cat-borkabatok-noknek","9":"first","10":"instock","11":"taxable","12":"shipping-taxable","13":"purchasable","14":"product-type-variable","15":"has-default-attributes","16":"wvs-archive-product-wrapper"},"acf":{"categorie_feed":""},"aioseo_notices":[],"_links":{"self":[{"href":"https:\/\/aavesa.com\/hu\/wp-json\/wp\/v2\/product\/98432","targetHints":{"allow":["GET"]}}],"collection":[{"href":"https:\/\/aavesa.com\/hu\/wp-json\/wp\/v2\/product"}],"about":[{"href":"https:\/\/aavesa.com\/hu\/wp-json\/wp\/v2\/types\/product"}],"replies":[{"embeddable":true,"href":"https:\/\/aavesa.com\/hu\/wp-json\/wp\/v2\/comments?post=98432"}],"wp:featuredmedia":[{"embeddable":true,"href":"https:\/\/aavesa.com\/hu\/wp-json\/wp\/v2\/media\/98419"}],"wp:attachment":[{"href":"https:\/\/aavesa.com\/hu\/wp-json\/wp\/v2\/media?parent=98432"}],"wp:term":[{"taxonomy":"product_brand","embeddable":true,"href":"https:\/\/aavesa.com\/hu\/wp-json\/wp\/v2\/product_brand?post=98432"},{"taxonomy":"product_cat","embeddable":true,"href":"https:\/\/aavesa.com\/hu\/wp-json\/wp\/v2\/product_cat?post=98432"},{"taxonomy":"product_tag","embeddable":true,"href":"https:\/\/aavesa.com\/hu\/wp-json\/wp\/v2\/product_tag?post=98432"}],"curies":[{"name":"wp","href":"https:\/\/api.w.org\/{rel}","templated":true}]}}