

{"id":98442,"date":"2026-04-05T13:49:27","date_gmt":"2026-04-05T15:49:27","guid":{"rendered":"https:\/\/aavesa.com\/product\/rovid-kecskebunda-kabat-hosszu-szorrel-2126\/"},"modified":"2026-04-05T14:36:58","modified_gmt":"2026-04-05T16:36:58","slug":"rovid-kecskebunda-kabat-hosszu-szorrel-2126","status":"publish","type":"product","link":"https:\/\/aavesa.com\/hu\/product\/rovid-kecskebunda-kabat-hosszu-szorrel-2126\/","title":{"rendered":"R\u00f6vid kecskebunda kab\u00e1t hossz\u00fa sz\u0151rrel 2126"},"content":{"rendered":"<div class=\"flex flex-col text-sm pb-25\">\n<section class=\"text-token-text-primary w-full focus:outline-none [--shadow-height:45px] has-data-writing-block:pointer-events-none has-data-writing-block:-mt-(--shadow-height) has-data-writing-block:pt-(--shadow-height) [&amp;:has([data-writing-block])&gt;*]:pointer-events-auto scroll-mt-[calc(var(--header-height)+min(200px,max(70px,20svh)))]\" dir=\"auto\" data-turn-id=\"request-68d8f26d-da74-832e-a0ac-1bf636b5ffbd-0\" data-testid=\"conversation-turn-78\" data-scroll-anchor=\"true\" data-turn=\"assistant\">\n<div class=\"text-base my-auto mx-auto pb-10 [--thread-content-margin:var(--thread-content-margin-xs,calc(var(--spacing)*4))] @w-sm\/main:[--thread-content-margin:var(--thread-content-margin-sm,calc(var(--spacing)*6))] @w-lg\/main:[--thread-content-margin:var(--thread-content-margin-lg,calc(var(--spacing)*16))] px-(--thread-content-margin)\">\n<div class=\"[--thread-content-max-width:40rem] @w-lg\/main:[--thread-content-max-width:48rem] mx-auto max-w-(--thread-content-max-width) flex-1 group\/turn-messages focus-visible:outline-hidden relative flex w-full min-w-0 flex-col agent-turn\">\n<div class=\"flex max-w-full flex-col gap-4 grow\">\n<div class=\"min-h-8 text-message relative flex w-full flex-col items-end gap-2 text-start break-words whitespace-normal outline-none keyboard-focused:focus-ring [.text-message+&amp;]:mt-1\" dir=\"auto\" tabindex=\"0\" data-message-author-role=\"assistant\" data-message-id=\"512f36fc-81f9-43e5-b5db-cd875f2535dc\" data-message-model-slug=\"gpt-5-3\" data-turn-start-message=\"true\">\n<div class=\"flex w-full flex-col gap-1 empty:hidden\">\n<div class=\"markdown prose dark:prose-invert w-full wrap-break-word light markdown-new-styling\">\n<p data-start=\"49\" data-end=\"309\">Ez a term\u00e9szetes kecskesz\u0151rme kab\u00e1t egy statement darab, amelyet olyan n\u0151knek terveztek, akik \u00e9rt\u00e9kelik a k\u00fcl\u00f6nleges text\u00far\u00e1kat \u00e9s a mer\u00e9sz diz\u00e1jnt. A term\u00e9szetes sz\u0151rm\u00e9b\u0151l k\u00e9sz\u00fclt, hossz\u00fa, oml\u00f3s sz\u0151rzet\u0171 darab gazdag megjelen\u00e9s\u00e9vel \u00e9s a sz\u0151r term\u00e9szetes mozg\u00e1s\u00e1val t\u0171nik ki. <\/p>\n<p data-start=\"311\" data-end=\"523\">A r\u00f6vid, enyh\u00e9n laza szab\u00e1s k\u00f6veti a test term\u00e9szetes vonal\u00e1t, egyens\u00falyt teremtve a k\u00e9nyelem \u00e9s az elegancia k\u00f6z\u00f6tt. A hossz\u00fa haj volument \u00e9s dinamizmust k\u00f6lcs\u00f6n\u00f6z, \u00edgy ez a kab\u00e1t b\u00e1rmilyen \u00f6lt\u00f6z\u00e9k kulcsfontoss\u00e1g\u00fa darabj\u00e1v\u00e1 v\u00e1lik. <\/p>\n<p data-start=\"525\" data-end=\"784\">A z\u00e1r\u00e1s horoggal \u00e9s szemmel z\u00e1r\u00f3dik, fenntartva a tiszta \u00e9s eleg\u00e1ns megjelen\u00e9st, m\u00edg a minimalista kialak\u00edt\u00e1s kiemeli a sz\u0151rme term\u00e9szetes text\u00far\u00e1j\u00e1t. Minden egyes darab egyedi a sz\u0151rme term\u00e9szetes vari\u00e1ci\u00f3inak k\u00f6sz\u00f6nhet\u0151en, ami hiteless\u00e9get \u00e9s exkluzivit\u00e1st k\u00f6lcs\u00f6n\u00f6z. <\/p>\n<p data-start=\"786\" data-end=\"954\">A klasszikus \u00e1rnyalatokban &#8211; fekete, sz\u00fcrke \u00e9s feh\u00e9r &#8211; kaphat\u00f3 kab\u00e1t k\u00f6nnyen integr\u00e1lhat\u00f3 mind a mindennapi \u00f6lt\u00f6z\u00e9kbe, mind az eleg\u00e1ns megjelen\u00e9sbe, st\u00edlusoss\u00e1 \u00e9s kifinomultt\u00e1 t\u00e9ve azt.<\/p>\n<p><strong data-start=\"956\" data-end=\"976\">A term\u00e9k r\u00e9szletei:<\/strong><\/p>\n<ul>\n<li data-start=\"956\" data-end=\"1293\">Hossz: 55 cm<\/li>\n<li data-start=\"956\" data-end=\"1293\">Szab\u00e1s: laza szab\u00e1s<\/li>\n<li data-start=\"956\" data-end=\"1293\">Z\u00e1r\u00f3d\u00e1s: horog- \u00e9s szemr\u00f6gz\u00edt\u00e9s<\/li>\n<li data-start=\"956\" data-end=\"1293\">K\u00fcls\u0151 anyag: term\u00e9szetes kecskesz\u0151rme<\/li>\n<li data-start=\"956\" data-end=\"1293\">B\u00e9l\u00e9s: 100% viszk\u00f3z<\/li>\n<li data-start=\"956\" data-end=\"1293\">Gall\u00e9r: gall\u00e9r n\u00e9lk\u00fcli (lekerek\u00edtett nyakkiv\u00e1g\u00e1s)<\/li>\n<li data-start=\"956\" data-end=\"1293\">Zsebek: k\u00e9t oldalzseb<\/li>\n<li data-start=\"956\" data-end=\"1293\">Design: minden darab egyedi a term\u00e9szetes sz\u0151rme text\u00far\u00e1j\u00e1nak k\u00f6sz\u00f6nhet\u0151en.<\/li>\n<li data-start=\"956\" data-end=\"1293\">St\u00edlus: alkalmas modern ruh\u00e1khoz vagy eleg\u00e1ns megjelen\u00e9shez<\/li>\n<\/ul>\n<\/div>\n<\/div>\n<\/div>\n<\/div>\n<\/div>\n<\/div>\n<\/section>\n<\/div>\n","protected":false},"excerpt":{"rendered":"<p>Ez a term\u00e9szetes kecskesz\u0151rme kab\u00e1t egy statement darab, amelyet olyan n\u0151knek terveztek, akik \u00e9rt\u00e9kelik a k\u00fcl\u00f6nleges text\u00far\u00e1kat \u00e9s a mer\u00e9sz diz\u00e1jnt. A term\u00e9szetes sz\u0151rm\u00e9b\u0151l k\u00e9sz\u00fclt, hossz\u00fa, oml\u00f3s sz\u0151rzet\u0171 darab gazdag megjelen\u00e9s\u00e9vel \u00e9s a sz\u0151r term\u00e9szetes mozg\u00e1s\u00e1val t\u0171nik ki. A r\u00f6vid, enyh\u00e9n laza szab\u00e1s k\u00f6veti a test term\u00e9szetes vonal\u00e1t, egyens\u00falyt teremtve a k\u00e9nyelem \u00e9s az elegancia [&hellip;]<\/p>\n","protected":false},"featured_media":98439,"comment_status":"closed","ping_status":"closed","template":"","meta":{"_acf_changed":false,"om_disable_all_campaigns":false,"inline_featured_image":false,"_monsterinsights_skip_tracking":false,"_monsterinsights_sitenote_active":false,"_monsterinsights_sitenote_note":"","_monsterinsights_sitenote_category":0},"product_brand":[],"product_cat":[918,766],"product_tag":[],"class_list":{"0":"post-98442","1":"product","2":"type-product","3":"status-publish","4":"has-post-thumbnail","6":"product_cat-2025-2026-kollekcio-autentikus-elegancia-szormeben-es-termeszetes-borben","7":"product_cat-bundas-kabatok-es-bundas-dzsekik-noknek","9":"first","10":"instock","11":"taxable","12":"shipping-taxable","13":"purchasable","14":"product-type-variable","15":"has-default-attributes","16":"wvs-archive-product-wrapper"},"acf":{"categorie_feed":""},"aioseo_notices":[],"_links":{"self":[{"href":"https:\/\/aavesa.com\/hu\/wp-json\/wp\/v2\/product\/98442","targetHints":{"allow":["GET"]}}],"collection":[{"href":"https:\/\/aavesa.com\/hu\/wp-json\/wp\/v2\/product"}],"about":[{"href":"https:\/\/aavesa.com\/hu\/wp-json\/wp\/v2\/types\/product"}],"replies":[{"embeddable":true,"href":"https:\/\/aavesa.com\/hu\/wp-json\/wp\/v2\/comments?post=98442"}],"wp:featuredmedia":[{"embeddable":true,"href":"https:\/\/aavesa.com\/hu\/wp-json\/wp\/v2\/media\/98439"}],"wp:attachment":[{"href":"https:\/\/aavesa.com\/hu\/wp-json\/wp\/v2\/media?parent=98442"}],"wp:term":[{"taxonomy":"product_brand","embeddable":true,"href":"https:\/\/aavesa.com\/hu\/wp-json\/wp\/v2\/product_brand?post=98442"},{"taxonomy":"product_cat","embeddable":true,"href":"https:\/\/aavesa.com\/hu\/wp-json\/wp\/v2\/product_cat?post=98442"},{"taxonomy":"product_tag","embeddable":true,"href":"https:\/\/aavesa.com\/hu\/wp-json\/wp\/v2\/product_tag?post=98442"}],"curies":[{"name":"wp","href":"https:\/\/api.w.org\/{rel}","templated":true}]}}